{"id":2313,"date":"2025-03-10T07:53:55","date_gmt":"2025-03-10T06:53:55","guid":{"rendered":"https:\/\/unlock-escape.de\/?page_id=2313"},"modified":"2025-10-23T19:29:57","modified_gmt":"2025-10-23T17:29:57","slug":"exklusiv-fuer-firmen","status":"publish","type":"page","link":"https:\/\/unlock-escape.de\/en\/exklusiv-fuer-firmen\/","title":{"rendered":"Exklusiv f\u00fcr Firmen"},"content":{"rendered":"<div class=\"wpb-content-wrapper\"><div class=\"vc_row wpb_row vc_row-fluid\"><div class=\"wpb_column vc_column_container vc_col-sm-12 sc_layouts_column_icons_position_left\"><div class=\"vc_column-inner\"><div class=\"wpb_wrapper\"><div class=\"vc_empty_space  height_medium\"   style=\"height: 32px\"><span class=\"vc_empty_space_inner\"><\/span><\/div><\/div><\/div><\/div><div class=\"wpb_column vc_column_container vc_col-sm-6 sc_layouts_column_icons_position_left\"><div class=\"vc_column-inner\"><div class=\"wpb_wrapper\">\n\t<div  class=\"wpb_single_image wpb_content_element vc_align_left wpb_content_element\">\n\t\t\n\t\t<figure class=\"wpb_wrapper vc_figure\">\n\t\t\t<div class=\"vc_single_image-wrapper vc_box_border  vc_box_border_grey\"><img loading=\"lazy\" decoding=\"async\" width=\"1280\" height=\"853\" src=\"https:\/\/unlock-escape.de\/wp-content\/uploads\/2024\/10\/business-people-4153904_1280_pixabay.jpg\" class=\"vc_single_image-img attachment-full\" alt=\"Escape Room f\u00fcr Firmen - Team business\" title=\"business-people-4153904_1280_pixabay\" srcset=\"https:\/\/unlock-escape.de\/wp-content\/uploads\/2024\/10\/business-people-4153904_1280_pixabay.jpg 1280w, https:\/\/unlock-escape.de\/wp-content\/uploads\/2024\/10\/business-people-4153904_1280_pixabay-300x200.jpg 300w, https:\/\/unlock-escape.de\/wp-content\/uploads\/2024\/10\/business-people-4153904_1280_pixabay-1024x682.jpg 1024w, https:\/\/unlock-escape.de\/wp-content\/uploads\/2024\/10\/business-people-4153904_1280_pixabay-768x512.jpg 768w, https:\/\/unlock-escape.de\/wp-content\/uploads\/2024\/10\/business-people-4153904_1280_pixabay-18x12.jpg 18w, https:\/\/unlock-escape.de\/wp-content\/uploads\/2024\/10\/business-people-4153904_1280_pixabay-370x247.jpg 370w, https:\/\/unlock-escape.de\/wp-content\/uploads\/2024\/10\/business-people-4153904_1280_pixabay-760x506.jpg 760w\" sizes=\"auto, (max-width: 1280px) 100vw, 1280px\" \/><\/div>\n\t\t<\/figure>\n\t<\/div>\n<div class=\"vc_empty_space  height_medium\"   style=\"height: 32px\"><span class=\"vc_empty_space_inner\"><\/span><\/div><\/div><\/div><\/div><div class=\"wpb_column vc_column_container vc_col-sm-6 sc_layouts_column_icons_position_left\"><div class=\"vc_column-inner\"><div class=\"wpb_wrapper\"><div class=\"vc_empty_space  vc_custom_1517821377699 height_tiny\"   style=\"height: 32px\"><span class=\"vc_empty_space_inner\"><\/span><\/div><div id=\"sc_title_950517434\"\n\t\tclass=\"sc_title color_style_default sc_title_default\"><h6 class=\"sc_item_subtitle sc_title_subtitle sc_align_left sc_item_title_style_default\">\ud83e\udde9 Escape room for companies<\/h6><h3 class=\"sc_item_title sc_title_title sc_align_left sc_item_title_style_default\">Team building with an aha effect<\/h3><\/div><!-- \/.sc_title --><div class=\"vc_empty_space  vc_custom_1744439852324 height_small\"   style=\"height: 32px\"><span class=\"vc_empty_space_inner\"><\/span><\/div>\n\t<div class=\"wpb_text_column wpb_content_element\" >\n\t\t<div class=\"wpb_wrapper\">\n\t\t\t<p>An escape room for companies is much more than just a game. At Unlock Escape Munich, it becomes a real team experience with added value. Our exciting missions require clear communication, creative thinking and joint decision-making - ideal conditions for effective team building.<\/p>\n<p>Whether as a one-off event, incentive or an integral part of your corporate culture - an escape room for companies will give your team new ideas and create lasting impressions.<\/p>\n\n\t\t<\/div>\n\t<\/div>\n<div class=\"vc_empty_space  vc_custom_1744439861412 height_small\"   style=\"height: 32px\"><span class=\"vc_empty_space_inner\"><\/span><\/div><a href=\"\/en\/buchen\/\" id=\"sc_button_981733933\" class=\"sc_button color_style_default sc_button_default sc_button_size_normal sc_button_icon_left\"><span class=\"sc_button_text\"><span class=\"sc_button_title\">\ud83d\udc49 Plan team event now<\/span><\/span><!-- \/.sc_button_text --><\/a><!-- \/.sc_button --><div class=\"vc_empty_space  height_small\"   style=\"height: 32px\"><span class=\"vc_empty_space_inner\"><\/span><\/div><\/div><\/div><\/div><\/div><div class=\"vc_row wpb_row vc_row-fluid vc_custom_1727867080663 vc_row-has-fill scheme_dark\"><div class=\"wpb_column vc_column_container vc_col-sm-12 sc_layouts_column_icons_position_left\"><div class=\"vc_column-inner\"><div class=\"wpb_wrapper\"><div class=\"vc_empty_space  height_small\"   style=\"height: 32px\"><span class=\"vc_empty_space_inner\"><\/span><\/div>\n\t<div class=\"wpb_text_column wpb_content_element\" >\n\t\t<div class=\"wpb_wrapper\">\n\t\t\t<h4>Why an escape room for companies?<\/h4>\n<ul>\n<li class=\"\" data-start=\"855\" data-end=\"897\">\n<p class=\"\" data-start=\"857\" data-end=\"897\">Promotes communication and collaboration<\/p>\n<\/li>\n<li class=\"\" data-start=\"898\" data-end=\"952\">\n<p class=\"\" data-start=\"900\" data-end=\"952\">Trains organisation and problem solving in a playful way<\/p>\n<\/li>\n<li class=\"\" data-start=\"953\" data-end=\"1010\">\n<p class=\"\" data-start=\"955\" data-end=\"1010\">Ideal for workshops, seminars and corporate events<\/p>\n<\/li>\n<li class=\"\" data-start=\"1011\" data-end=\"1058\">\n<p class=\"\" data-start=\"1013\" data-end=\"1058\">Strengthens team cohesion in a whole new way<\/p>\n<\/li>\n<\/ul>\n\n\t\t<\/div>\n\t<\/div>\n<div class=\"vc_empty_space  vc_custom_1744441270307 height_small\"   style=\"height: 32px\"><span class=\"vc_empty_space_inner\"><\/span><\/div><\/div><\/div><\/div><\/div><div class=\"vc_row wpb_row vc_row-fluid vc_custom_1727867080663 vc_row-has-fill scheme_dark\"><div class=\"wpb_column vc_column_container vc_col-sm-12 sc_layouts_column_icons_position_left\"><div class=\"vc_column-inner\"><div class=\"wpb_wrapper\"><div class=\"vc_empty_space  height_small\"   style=\"height: 32px\"><span class=\"vc_empty_space_inner\"><\/span><\/div>\n\t<div class=\"wpb_text_column wpb_content_element\" >\n\t\t<div class=\"wpb_wrapper\">\n\t\t\t<h4>Why an escape room for companies?<\/h4>\n<ul>\n<li class=\"\" data-start=\"855\" data-end=\"897\">\n<p class=\"\" data-start=\"857\" data-end=\"897\">Promotes communication and collaboration<\/p>\n<\/li>\n<li class=\"\" data-start=\"898\" data-end=\"952\">\n<p class=\"\" data-start=\"900\" data-end=\"952\">Trains organisation and problem solving in a playful way<\/p>\n<\/li>\n<li class=\"\" data-start=\"953\" data-end=\"1010\">\n<p class=\"\" data-start=\"955\" data-end=\"1010\">Ideal for workshops, seminars and corporate events<\/p>\n<\/li>\n<li class=\"\" data-start=\"1011\" data-end=\"1058\">\n<p class=\"\" data-start=\"1013\" data-end=\"1058\">Strengthens team cohesion in a whole new way<\/p>\n<\/li>\n<\/ul>\n\n\t\t<\/div>\n\t<\/div>\n<div class=\"vc_empty_space  vc_custom_1744441270307 height_small\"   style=\"height: 32px\"><span class=\"vc_empty_space_inner\"><\/span><\/div><\/div><\/div><\/div><\/div><div class=\"vc_row wpb_row vc_row-fluid\"><div class=\"wpb_column vc_column_container vc_col-sm-12 sc_layouts_column_icons_position_left\"><div class=\"vc_column-inner\"><div class=\"wpb_wrapper\"><div class=\"vc_empty_space  height_small\"   style=\"height: 32px\"><span class=\"vc_empty_space_inner\"><\/span><\/div><div id=\"sc_title_1571321439\"\n\t\tclass=\"sc_title color_style_default sc_title_default\"><h6 class=\"sc_item_subtitle sc_title_subtitle sc_align_center sc_item_title_style_default\">Our offer for companies<\/h6><div class=\"sc_item_descr sc_title_descr sc_align_center\"><p>Teamwork is the key to success in our escape rooms. Time is running out - 60 minutes to solve puzzles, interpret clues and find the way out together.<\/p>\n<\/div><\/div><!-- \/.sc_title --><div class=\"vc_empty_space  vc_custom_1727199878069 height_small\"   style=\"height: 32px\"><span class=\"vc_empty_space_inner\"><\/span><\/div><div class=\"vc_row wpb_row vc_inner vc_row-fluid\"><div class=\"wpb_column vc_column_container vc_col-sm-6 sc_layouts_column_icons_position_left\"><div class=\"vc_column-inner\"><div class=\"wpb_wrapper\">\n\t<div class=\"wpb_text_column wpb_content_element\" >\n\t\t<div class=\"wpb_wrapper\">\n\t\t\t<p data-start=\"136\" data-end=\"186\"><strong data-start=\"140\" data-end=\"186\">Exciting missions - real cooperation<\/strong><\/p>\n<ul data-start=\"188\" data-end=\"455\">\n<li class=\"\" data-start=\"188\" data-end=\"250\">\n<p class=\"\" data-start=\"190\" data-end=\"250\">Instruction and <a href=\"https:\/\/unlock-escape.de\/en\/kontakt\/\">Support<\/a> from experienced game masters<\/p>\n<\/li>\n<li class=\"\" data-start=\"1208\" data-end=\"1284\">\n<p class=\"\" data-start=\"1210\" data-end=\"1284\">On request: short analysis of the team dynamics after the game (10-15 minutes)<\/p>\n<\/li>\n<li class=\"\" data-start=\"1285\" data-end=\"1357\">\n<p class=\"\" data-start=\"1287\" data-end=\"1357\">Insights into communication, organisation and decision-making behaviour<\/p>\n<\/li>\n<\/ul>\n\n\t\t<\/div>\n\t<\/div>\n<div class=\"vc_empty_space  height_small\"   style=\"height: 32px\"><span class=\"vc_empty_space_inner\"><\/span><\/div><\/div><\/div><\/div><div class=\"wpb_column vc_column_container vc_col-sm-6 sc_layouts_column_icons_position_left\"><div class=\"vc_column-inner\"><div class=\"wpb_wrapper\">\n\t<div class=\"wpb_text_column wpb_content_element\" >\n\t\t<div class=\"wpb_wrapper\">\n\t\t\t<p data-start=\"462\" data-end=\"497\"><strong data-start=\"466\" data-end=\"497\">Locations and group sizes<\/strong><\/p>\n<ul>\n<li class=\"\" data-start=\"1392\" data-end=\"1440\">\n<p class=\"\" data-start=\"1394\" data-end=\"1440\">Bogenhausen: up to 23 people at the same time<\/p>\n<\/li>\n<li class=\"\" data-start=\"1441\" data-end=\"1479\">\n<p class=\"\" data-start=\"1443\" data-end=\"1479\">Tal (old town): up to 17 people<\/p>\n<\/li>\n<li data-start=\"1441\" data-end=\"1479\">On request, we can combine several\u00a0<a href=\"https:\/\/unlock-escape.de\/en\/unsere-raeume\/\">Rooms<\/a>to create a customised escape room experience for companies.<\/li>\n<\/ul>\n\n\t\t<\/div>\n\t<\/div>\n<div class=\"vc_empty_space  height_small\"   style=\"height: 32px\"><span class=\"vc_empty_space_inner\"><\/span><\/div><\/div><\/div><\/div><\/div><\/div><\/div><\/div><\/div><div class=\"vc_row wpb_row vc_row-fluid vc_custom_1727867080663 vc_row-has-fill scheme_dark\"><div class=\"wpb_column vc_column_container vc_col-sm-12 sc_layouts_column_icons_position_left\"><div class=\"vc_column-inner\"><div class=\"wpb_wrapper\"><div class=\"vc_empty_space  height_small\"   style=\"height: 32px\"><span class=\"vc_empty_space_inner\"><\/span><\/div>\n\t<div class=\"wpb_text_column wpb_content_element\" >\n\t\t<div class=\"wpb_wrapper\">\n\t\t\t<h4>\ud83c\udfaf Exclusively for companies<\/h4>\n<ul data-start=\"188\" data-end=\"455\">\n<li class=\"\" data-start=\"188\" data-end=\"250\">\n<p class=\"\" data-start=\"190\" data-end=\"250\">Customised time slots - we adapt to your calendar<\/p>\n<\/li>\n<li class=\"\" data-start=\"1208\" data-end=\"1284\">\n<p class=\"\" data-start=\"1210\" data-end=\"1284\">Exclusive planning from A to Z<\/p>\n<\/li>\n<li class=\"\" data-start=\"1285\" data-end=\"1357\">\n<p class=\"\" data-start=\"1287\" data-end=\"1357\">Perfect for team events, company parties &amp; training sessions<\/p>\n<\/li>\n<\/ul>\n\n\t\t<\/div>\n\t<\/div>\n<div class=\"vc_empty_space  vc_custom_1744386702506 height_small\"   style=\"height: 32px\"><span class=\"vc_empty_space_inner\"><\/span><\/div><\/div><\/div><\/div><\/div><div data-vc-full-width=\"true\" data-vc-full-width-temp=\"true\" data-vc-full-width-init=\"false\" class=\"vc_row wpb_row vc_row-fluid vc_custom_1727866385440 vc_row-has-fill scheme_dark\"><div class=\"wpb_column vc_column_container vc_col-sm-12 sc_layouts_column_icons_position_left\"><div class=\"vc_column-inner\"><div class=\"wpb_wrapper\"><div class=\"vc_empty_space  height_tiny\"   style=\"height: 32px\"><span class=\"vc_empty_space_inner\"><\/span><\/div><div class=\"vc_row wpb_row vc_inner vc_row-fluid vc_custom_1727941285314 vc_row-has-fill\"><div class=\"wpb_column vc_column_container vc_col-sm-12 sc_layouts_column_icons_position_left\"><div class=\"vc_column-inner\"><div class=\"wpb_wrapper\"><div class=\"vc_empty_space  height_small\"   style=\"height: 32px\"><span class=\"vc_empty_space_inner\"><\/span><\/div>\n\t<div class=\"wpb_text_column wpb_content_element\" >\n\t\t<div class=\"wpb_wrapper\">\n\t\t\t<h4 style=\"text-align: left;\">Interested in a team event at Unlock Escape?<\/h4>\n<p style=\"text-align: left;\"><strong>Please contact us:<\/strong><\/p>\n\n\t\t<\/div>\n\t<\/div>\n<div class=\"vc_empty_space  height_tiny\"   style=\"height: 32px\"><span class=\"vc_empty_space_inner\"><\/span><\/div><\/div><\/div><\/div><\/div><div class=\"vc_row wpb_row vc_inner vc_row-fluid vc_custom_1727941285314 vc_row-has-fill\"><div class=\"wpb_column vc_column_container vc_col-sm-6 sc_layouts_column_icons_position_left\"><div class=\"vc_column-inner\"><div class=\"wpb_wrapper\"><div class=\"vc_empty_space  height_tiny\"   style=\"height: 32px\"><span class=\"vc_empty_space_inner\"><\/span><\/div><div id=\"sc_icons_1631865327\" \n\tclass=\"sc_icons sc_icons_default sc_icons_size_small sc_align_left\"><div class=\"sc_icons_item sc_icons_item_linked\"><div id=\"sc_icons_1631865327_icon-help\" class=\"sc_icons_icon sc_icon_type_ icon-help\"\n\t\t\t\t\t\t\t\t\t\t\t\t><span class=\"sc_icon_type_ icon-help\"><\/span><\/div><h4 class=\"sc_icons_item_title\"><span>Contact<\/span><\/h4><a href=\"\/en\/kontakt\/\" class=\"sc_icons_item_link\"><\/a><\/div><\/div><!-- \/.sc_icons --><div class=\"vc_empty_space  height_tiny\"   style=\"height: 32px\"><span class=\"vc_empty_space_inner\"><\/span><\/div>\n\t<div class=\"wpb_text_column wpb_content_element\" >\n\t\t<div class=\"wpb_wrapper\">\n\t\t\t<ul>\n<li>Phone: +49 89 898 398 40<\/li>\n<li>e-mail: <a href=\"mailto:info@unlock-escape.de\" target=\"_blank\" rel=\"noopener\">info@unlock-escape.de<\/a><\/li>\n<\/ul>\n\n\t\t<\/div>\n\t<\/div>\n<div class=\"vc_empty_space  height_tiny\"   style=\"height: 32px\"><span class=\"vc_empty_space_inner\"><\/span><\/div><\/div><\/div><\/div><div class=\"wpb_column vc_column_container vc_col-sm-6 sc_layouts_column_icons_position_left\"><div class=\"vc_column-inner\"><div class=\"wpb_wrapper\"><div class=\"vc_empty_space  height_tiny\"   style=\"height: 32px\"><span class=\"vc_empty_space_inner\"><\/span><\/div><div id=\"sc_icons_1569256513\" \n\tclass=\"sc_icons sc_icons_default sc_icons_size_small sc_align_left\"><div class=\"sc_icons_item sc_icons_item_linked\"><div id=\"sc_icons_1569256513_icon-help\" class=\"sc_icons_icon sc_icon_type_ icon-help\"\n\t\t\t\t\t\t\t\t\t\t\t\t><span class=\"sc_icon_type_ icon-help\"><\/span><\/div><h4 class=\"sc_icons_item_title\"><span>Book online<\/span><\/h4><a href=\"\/en\/buchen\/\" class=\"sc_icons_item_link\"><\/a><\/div><\/div><!-- \/.sc_icons --><div class=\"vc_empty_space  height_tiny\"   style=\"height: 32px\"><span class=\"vc_empty_space_inner\"><\/span><\/div>\n\t<div class=\"wpb_text_column wpb_content_element\" >\n\t\t<div class=\"wpb_wrapper\">\n\t\t\t<ul>\n<li>Or directly to the <a class=\"\" href=\"https:\/\/bookeo.com\/unlock-escape\" target=\"_blank\" rel=\"noopener\" data-start=\"1928\" data-end=\"1952\">Online booking tool<\/a><\/li>\n<\/ul>\n\n\t\t<\/div>\n\t<\/div>\n<div class=\"vc_empty_space  height_tiny\"   style=\"height: 32px\"><span class=\"vc_empty_space_inner\"><\/span><\/div><\/div><\/div><\/div><div class=\"wpb_column vc_column_container vc_col-sm-12 sc_layouts_column_icons_position_left\"><div class=\"vc_column-inner\"><div class=\"wpb_wrapper\"><\/div><\/div><\/div><\/div><div class=\"vc_empty_space  height_tiny\"   style=\"height: 32px\"><span class=\"vc_empty_space_inner\"><\/span><\/div><\/div><\/div><\/div><\/div><div class=\"vc_row-full-width vc_clearfix\"><\/div><div class=\"vc_row wpb_row vc_row-fluid\"><div class=\"wpb_column vc_column_container vc_col-sm-12 sc_layouts_column_icons_position_left\"><div class=\"vc_column-inner\"><div class=\"wpb_wrapper\"><div class=\"vc_empty_space  height_small\"   style=\"height: 0px\"><span class=\"vc_empty_space_inner\"><\/span><\/div><div id=\"sc_title_768434440\"\n\t\tclass=\"sc_title color_style_default sc_title_default\"><h6 class=\"sc_item_subtitle sc_title_subtitle sc_align_center sc_item_title_style_default\">Frequently asked questions<\/h6><h3 class=\"sc_item_title sc_title_title sc_align_center sc_item_title_style_default\">FAQ<\/h3><div class=\"sc_item_descr sc_title_descr sc_align_center\"><p>regarding company events in the Escape Room<\/p>\n<\/div><\/div><!-- \/.sc_title --><div class=\"vc_empty_space  vc_custom_1725699976846 height_small\"   style=\"height: 32px\"><span class=\"vc_empty_space_inner\"><\/span><\/div><div id=\"sc_content_306965224\"\n\t\tclass=\"sc_content color_style_default sc_content_default sc_float_center\"><div class=\"sc_content_container\"><div class=\"vc_tta-container\" data-vc-action=\"collapse\"><div class=\"vc_general vc_tta vc_tta-tabs vc_tta-color-peacoc vc_tta-style-outline vc_tta-shape-square vc_tta-spacing-3 vc_tta-tabs-position-left vc_tta-controls-align-left\"><div class=\"vc_tta-tabs-container\"><ul class=\"vc_tta-tabs-list\" role=\"tablist\"><li class=\"vc_tta-tab vc_active\" data-vc-tab role=\"presentation\"><a href=\"#1744438781903-25d8bc55-7853\" data-vc-tabs data-vc-container=\".vc_tta\" role=\"tab\" aria-selected=\"false\" id=\"tab-1744438781903-25d8bc55-7853\"><span class=\"vc_tta-title-text\">Who is the game suitable for? Do we need special skills or powers?<\/span><\/a><\/li><li class=\"vc_tta-tab\" data-vc-tab role=\"presentation\"><a href=\"#1726303888960-cdcd97f3-ac7b\" data-vc-tabs data-vc-container=\".vc_tta\" role=\"tab\" aria-selected=\"false\" id=\"tab-1726303888960-cdcd97f3-ac7b\"><span class=\"vc_tta-title-text\">How many people can take part?<\/span><\/a><\/li><li class=\"vc_tta-tab\" data-vc-tab role=\"presentation\"><a href=\"#1726303888935-71ddcc97-6cc4\" data-vc-tabs data-vc-container=\".vc_tta\" role=\"tab\" aria-selected=\"false\" id=\"tab-1726303888935-71ddcc97-6cc4\"><span class=\"vc_tta-title-text\">Can we book an escape room for our company event?<\/span><\/a><\/li><li class=\"vc_tta-tab\" data-vc-tab role=\"presentation\"><a href=\"#1726304449069-c1344e36-3cf8\" data-vc-tabs data-vc-container=\".vc_tta\" role=\"tab\" aria-selected=\"false\" id=\"tab-1726304449069-c1344e36-3cf8\"><span class=\"vc_tta-title-text\">Is the Escape Room suitable for team-building measures?<\/span><\/a><\/li><li class=\"vc_tta-tab\" data-vc-tab role=\"presentation\"><a href=\"#1726304450274-d66e79e8-7a09\" data-vc-tabs data-vc-container=\".vc_tta\" role=\"tab\" aria-selected=\"false\" id=\"tab-1726304450274-d66e79e8-7a09\"><span class=\"vc_tta-title-text\">How long does a company event in the Escape Room last?<\/span><\/a><\/li><\/ul><\/div><div class=\"vc_tta-panels-container\"><div class=\"vc_tta-panels\"><div class=\"vc_tta-panel vc_active\" id=\"1744438781903-25d8bc55-7853\" data-vc-content=\".vc_tta-panel-body\"><div class=\"vc_tta-panel-heading\"><h4 class=\"vc_tta-panel-title\"><a href=\"#1744438781903-25d8bc55-7853\" data-vc-accordion data-vc-container=\".vc_tta-container\"><span class=\"vc_tta-title-text\">Who is the game suitable for? Do we need special skills or powers?<\/span><\/a><\/h4><\/div><div class=\"vc_tta-panel-body\">\n\t<div class=\"wpb_text_column wpb_content_element scheme_dark\" >\n\t\t<div class=\"wpb_wrapper\">\n\t\t\t<p>The missions are suitable for anyone who likes to be active and would rather think for themselves than observe others. No special powers or skills are required.<\/p>\n\n\t\t<\/div>\n\t<\/div>\n<\/div><\/div><div class=\"vc_tta-panel\" id=\"1726303888960-cdcd97f3-ac7b\" data-vc-content=\".vc_tta-panel-body\"><div class=\"vc_tta-panel-heading\"><h4 class=\"vc_tta-panel-title\"><a href=\"#1726303888960-cdcd97f3-ac7b\" data-vc-accordion data-vc-container=\".vc_tta-container\"><span class=\"vc_tta-title-text\">How many people can take part?<\/span><\/a><\/h4><\/div><div class=\"vc_tta-panel-body\">\n\t<div class=\"wpb_text_column wpb_content_element scheme_dark\" >\n\t\t<div class=\"wpb_wrapper\">\n\t\t\t<p>Our escape rooms are suitable for groups of 2 to 6 people per room. Larger groups up to 23 people can be divided into several rooms and play at the same time.<\/p>\n\n\t\t<\/div>\n\t<\/div>\n<\/div><\/div><div class=\"vc_tta-panel\" id=\"1726303888935-71ddcc97-6cc4\" data-vc-content=\".vc_tta-panel-body\"><div class=\"vc_tta-panel-heading\"><h4 class=\"vc_tta-panel-title\"><a href=\"#1726303888935-71ddcc97-6cc4\" data-vc-accordion data-vc-container=\".vc_tta-container\"><span class=\"vc_tta-title-text\">Can we book an escape room for our company event?<\/span><\/a><\/h4><\/div><div class=\"vc_tta-panel-body\">\n\t<div class=\"wpb_text_column wpb_content_element scheme_dark\" >\n\t\t<div class=\"wpb_wrapper\">\n\t\t\t<p>Yes, an escape room is a great idea for a team event! Our rooms offer exciting challenges and teamwork, perfect for unforgettable experiences.<\/p>\n\n\t\t<\/div>\n\t<\/div>\n<\/div><\/div><div class=\"vc_tta-panel\" id=\"1726304449069-c1344e36-3cf8\" data-vc-content=\".vc_tta-panel-body\"><div class=\"vc_tta-panel-heading\"><h4 class=\"vc_tta-panel-title\"><a href=\"#1726304449069-c1344e36-3cf8\" data-vc-accordion data-vc-container=\".vc_tta-container\"><span class=\"vc_tta-title-text\">Is the Escape Room suitable for team-building measures?<\/span><\/a><\/h4><\/div><div class=\"vc_tta-panel-body\">\n\t<div class=\"wpb_text_column wpb_content_element scheme_dark\" >\n\t\t<div class=\"wpb_wrapper\">\n\t\t\t<p>Yes, escape rooms are ideal for team building. The players have to work together, communicate and use their individual strengths to solve the puzzles and reach the goal. This promotes team spirit and cooperation within the company.<\/p>\n\n\t\t<\/div>\n\t<\/div>\n<\/div><\/div><div class=\"vc_tta-panel\" id=\"1726304450274-d66e79e8-7a09\" data-vc-content=\".vc_tta-panel-body\"><div class=\"vc_tta-panel-heading\"><h4 class=\"vc_tta-panel-title\"><a href=\"#1726304450274-d66e79e8-7a09\" data-vc-accordion data-vc-container=\".vc_tta-container\"><span class=\"vc_tta-title-text\">How long does a company event in the Escape Room last?<\/span><\/a><\/h4><\/div><div class=\"vc_tta-panel-body\">\n\t<div class=\"wpb_text_column wpb_content_element scheme_dark\" >\n\t\t<div class=\"wpb_wrapper\">\n\t\t\t<p>An escape room game usually lasts 60 minutes. Additional time should be allowed for a briefing and debriefing. In total, a company event can last 90-120 minutes, depending on the number of groups and the event plan.<\/p>\n\n\t\t<\/div>\n\t<\/div>\n<\/div><\/div><\/div><\/div><\/div><\/div><div class=\"vc_empty_space  vc_custom_1725699976846 height_small\"   style=\"height: 32px\"><span class=\"vc_empty_space_inner\"><\/span><\/div><\/div><\/div><!-- \/.sc_content --><\/div><\/div><\/div><\/div>\n<\/div>","protected":false},"excerpt":{"rendered":"\ud83e\udde9 Escape Room f\u00fcr FirmenTeambuilding mit Aha-Effekt Ein Escape Room f\u00fcr Firmen ist weit mehr als nur ein Spiel. Bei Unlock Escape M\u00fcnchen wird daraus ein echtes Teamerlebnis mit Mehrwert.&hellip;","protected":false},"author":2,"featured_media":0,"parent":0,"menu_order":0,"comment_status":"closed","ping_status":"closed","template":"","meta":{"inline_featured_image":false,"footnotes":""},"class_list":["post-2313","page","type-page","status-publish","hentry"],"_links":{"self":[{"href":"https:\/\/unlock-escape.de\/en\/wp-json\/wp\/v2\/pages\/2313","targetHints":{"allow":["GET"]}}],"collection":[{"href":"https:\/\/unlock-escape.de\/en\/wp-json\/wp\/v2\/pages"}],"about":[{"href":"https:\/\/unlock-escape.de\/en\/wp-json\/wp\/v2\/types\/page"}],"author":[{"embeddable":true,"href":"https:\/\/unlock-escape.de\/en\/wp-json\/wp\/v2\/users\/2"}],"replies":[{"embeddable":true,"href":"https:\/\/unlock-escape.de\/en\/wp-json\/wp\/v2\/comments?post=2313"}],"version-history":[{"count":9,"href":"https:\/\/unlock-escape.de\/en\/wp-json\/wp\/v2\/pages\/2313\/revisions"}],"predecessor-version":[{"id":2517,"href":"https:\/\/unlock-escape.de\/en\/wp-json\/wp\/v2\/pages\/2313\/revisions\/2517"}],"wp:attachment":[{"href":"https:\/\/unlock-escape.de\/en\/wp-json\/wp\/v2\/media?parent=2313"}],"curies":[{"name":"wp","href":"https:\/\/api.w.org\/{rel}","templated":true}]}}