{"id":1625,"date":"2024-09-07T12:30:33","date_gmt":"2024-09-07T10:30:33","guid":{"rendered":"https:\/\/unlock-escape.de\/?page_id=1625"},"modified":"2025-03-02T14:52:37","modified_gmt":"2025-03-02T13:52:37","slug":"geburtstag","status":"publish","type":"page","link":"https:\/\/unlock-escape.de\/en\/geburtstag\/","title":{"rendered":"Birthday party"},"content":{"rendered":"<div class=\"wpb-content-wrapper\"><div class=\"vc_row wpb_row vc_row-fluid\"><div class=\"wpb_column vc_column_container vc_col-sm-12 sc_layouts_column_icons_position_left\"><div class=\"vc_column-inner\"><div class=\"wpb_wrapper\"><div class=\"vc_empty_space  height_medium\"   style=\"height: 32px\"><span class=\"vc_empty_space_inner\"><\/span><\/div><\/div><\/div><\/div><div class=\"wpb_column vc_column_container vc_col-sm-6 sc_layouts_column_icons_position_left\"><div class=\"vc_column-inner\"><div class=\"wpb_wrapper\">\n\t<div  class=\"wpb_single_image wpb_content_element vc_align_left wpb_content_element\">\n\t\t\n\t\t<figure class=\"wpb_wrapper vc_figure\">\n\t\t\t<div class=\"vc_single_image-wrapper vc_box_border  vc_box_border_grey\"><img loading=\"lazy\" decoding=\"async\" width=\"1280\" height=\"853\" src=\"https:\/\/unlock-escape.de\/wp-content\/uploads\/2024\/10\/happy-birthday-5998694_1280_pixabay.jpg\" class=\"vc_single_image-img attachment-full\" alt=\"Happy Birthday\" title=\"happy-birthday-5998694_1280_pixabay\" srcset=\"https:\/\/unlock-escape.de\/wp-content\/uploads\/2024\/10\/happy-birthday-5998694_1280_pixabay.jpg 1280w, https:\/\/unlock-escape.de\/wp-content\/uploads\/2024\/10\/happy-birthday-5998694_1280_pixabay-300x200.jpg 300w, https:\/\/unlock-escape.de\/wp-content\/uploads\/2024\/10\/happy-birthday-5998694_1280_pixabay-1024x682.jpg 1024w, https:\/\/unlock-escape.de\/wp-content\/uploads\/2024\/10\/happy-birthday-5998694_1280_pixabay-768x512.jpg 768w, https:\/\/unlock-escape.de\/wp-content\/uploads\/2024\/10\/happy-birthday-5998694_1280_pixabay-18x12.jpg 18w, https:\/\/unlock-escape.de\/wp-content\/uploads\/2024\/10\/happy-birthday-5998694_1280_pixabay-370x247.jpg 370w, https:\/\/unlock-escape.de\/wp-content\/uploads\/2024\/10\/happy-birthday-5998694_1280_pixabay-760x506.jpg 760w\" sizes=\"auto, (max-width: 1280px) 100vw, 1280px\" \/><\/div>\n\t\t<\/figure>\n\t<\/div>\n<div class=\"vc_empty_space  hide_on_desktop hide_on_notebook hide_on_tablet height_medium\"   style=\"height: 32px\"><span class=\"vc_empty_space_inner\"><\/span><\/div><\/div><\/div><\/div><div class=\"wpb_column vc_column_container vc_col-sm-6 sc_layouts_column_icons_position_left\"><div class=\"vc_column-inner\"><div class=\"wpb_wrapper\"><div class=\"vc_empty_space  vc_custom_1517821377699 height_tiny\"   style=\"height: 32px\"><span class=\"vc_empty_space_inner\"><\/span><\/div><div id=\"sc_title_9161286\"\n\t\tclass=\"sc_title color_style_default sc_title_default\"><h6 class=\"sc_item_subtitle sc_title_subtitle sc_align_left sc_item_title_style_default\">Birthday children free<\/h6><h3 class=\"sc_item_title sc_title_title sc_align_left sc_item_title_style_default\">Birthday party<\/h3><\/div><!-- \/.sc_title --><div class=\"vc_empty_space  vc_custom_1517821924875 height_medium\"   style=\"height: 32px\"><span class=\"vc_empty_space_inner\"><\/span><\/div>\n\t<div class=\"wpb_text_column wpb_content_element\" >\n\t\t<div class=\"wpb_wrapper\">\n\t\t\t<p>Das Geburtstagskind jeden Alters innerhalb der Spielwoche hat bei uns freien Eintritt ab einer Gruppengr\u00f6\u00dfe von 4 Personen! Ihr seid Zwillinge? Ab einer Gruppengr\u00f6\u00dfe von 5 Personen k\u00f6nnt ihr bei uns beide kostenlos spielen.<\/p>\n<p>You can hire the whole location or just a single room for your birthday party. For further details <a href=\"\/en\/kontakt\/\">please contact us<\/a>.<\/p>\n\n\t\t<\/div>\n\t<\/div>\n<div class=\"vc_empty_space  vc_custom_1517821966772 height_medium\"   style=\"height: 32px\"><span class=\"vc_empty_space_inner\"><\/span><\/div><a href=\"\/en\/buchen\/\" id=\"sc_button_1116302704\" class=\"sc_button color_style_default sc_button_default sc_button_size_normal sc_button_icon_left\"><span class=\"sc_button_text\"><span class=\"sc_button_title\">Book now<\/span><\/span><!-- \/.sc_button_text --><\/a><!-- \/.sc_button --><\/div><\/div><\/div><\/div><div class=\"vc_row wpb_row vc_row-fluid\"><div class=\"wpb_column vc_column_container vc_col-sm-12 sc_layouts_column_icons_position_left\"><div class=\"vc_column-inner\"><div class=\"wpb_wrapper\"><div class=\"vc_empty_space  height_medium\"   style=\"height: 32px\"><span class=\"vc_empty_space_inner\"><\/span><\/div><div id=\"sc_content_865622830\"\n\t\tclass=\"sc_content color_style_default sc_content_default sc_float_center\"><div class=\"sc_content_container\">\n\t<div class=\"wpb_text_column wpb_content_element\" >\n\t\t<div class=\"wpb_wrapper\">\n\t\t\t<p>Are you looking for something out of the ordinary for your birthday party? Something that will not only be remembered, but will be the topic of conversation for weeks to come? Celebrate your birthday at Unlock Escape!<\/p>\n<p>We offer you a new and exciting challenge that will make your party unforgettable! In the Exit Game rooms, you and your guests will be locked in a room and have a unique mission to complete. You have 60 minutes to crack the puzzles together, solve the tasks and escape!<\/p>\n\n\t\t<\/div>\n\t<\/div>\n<\/div><\/div><!-- \/.sc_content --><\/div><\/div><\/div><\/div><div class=\"vc_row wpb_row vc_row-fluid\"><div class=\"wpb_column vc_column_container vc_col-sm-12 sc_layouts_column_icons_position_left\"><div class=\"vc_column-inner\"><div class=\"wpb_wrapper\"><div class=\"vc_empty_space  height_medium\"   style=\"height: 32px\"><span class=\"vc_empty_space_inner\"><\/span><\/div><div id=\"sc_title_15072548\"\n\t\tclass=\"sc_title color_style_default sc_title_default\"><h2 class=\"sc_item_title sc_title_title sc_align_center sc_item_title_style_default sc_item_title_tag\">What we offer<\/h2><\/div><!-- \/.sc_title --><div class=\"vc_row wpb_row vc_inner vc_row-fluid\"><div class=\"wpb_column vc_column_container vc_col-sm-6 sc_layouts_column_icons_position_left\"><div class=\"vc_column-inner\"><div class=\"wpb_wrapper\"><div id=\"sc_content_1666436946\"\n\t\tclass=\"sc_content color_style_default sc_content_default sc_float_center sc_padding_large  vc_custom_1725705266913\"><div class=\"sc_content_container\"><div  class=\"vc_wp_text wpb_content_element\"><div class=\"widget widget_text\"><h2 class=\"widgettitle\">A very special kind of celebration!<\/h2>\t\t\t<div class=\"textwidget\"><p>You escape within 60 minutes<\/p>\n<p>Briefing before the games, <a href=\"https:\/\/unlock-escape.de\/en\/kontakt\/\">Support<\/a> with the reservation<\/p>\n<p>Birthday party especially for children and adults<\/p>\n<p>Fun and good humor guaranteed for this special day!<\/p>\n<\/div>\n\t\t<\/div><\/div><\/div><\/div><!-- \/.sc_content --><div class=\"vc_empty_space  hide_on_desktop hide_on_notebook hide_on_tablet height_tiny\"   style=\"height: 32px\"><span class=\"vc_empty_space_inner\"><\/span><\/div><\/div><\/div><\/div><div class=\"wpb_column vc_column_container vc_col-sm-6 sc_layouts_column_icons_position_left\"><div class=\"vc_column-inner\"><div class=\"wpb_wrapper\"><div id=\"sc_content_487040222\"\n\t\tclass=\"sc_content color_style_default sc_content_default sc_float_center sc_padding_large  vc_custom_1725705282250\"><div class=\"sc_content_container\"><div  class=\"vc_wp_text wpb_content_element\"><div class=\"widget widget_text\"><h2 class=\"widgettitle\">Flexible room selection for groups<\/h2>\t\t\t<div class=\"textwidget\"><p>in Bogenhausen: groups of up to 23 people (28 children)<\/p>\n<p>Im Tal: Gruppen bis zu 12 Personen<\/p>\n<p>Choose one or more of our <a href=\"https:\/\/unlock-escape.de\/en\/unsere-raeume\/\">Rooms<\/a><\/p>\n<p>In any weather<\/p>\n<\/div>\n\t\t<\/div><\/div><\/div><\/div><!-- \/.sc_content --><div class=\"vc_empty_space  height_tiny\"   style=\"height: 32px\"><span class=\"vc_empty_space_inner\"><\/span><\/div><\/div><\/div><\/div><\/div><\/div><\/div><\/div><\/div><div data-vc-full-width=\"true\" data-vc-full-width-temp=\"true\" data-vc-full-width-init=\"false\" class=\"vc_row wpb_row vc_row-fluid vc_custom_1731310726087 vc_row-has-fill scheme_dark\"><div class=\"wpb_column vc_column_container vc_col-sm-12 sc_layouts_column_icons_position_left\"><div class=\"vc_column-inner\"><div class=\"wpb_wrapper\"><div class=\"vc_empty_space  height_medium\"   style=\"height: 32px\"><span class=\"vc_empty_space_inner\"><\/span><\/div><div id=\"sc_icons_1599978091\" \n\tclass=\"sc_icons sc_icons_default sc_icons_size_medium sc_align_center\"><div class=\"sc_icons_columns_wrap sc_item_columns trx_addons_columns_wrap columns_padding_bottom\"><div class=\"trx_addons_column-1_4\"><div class=\"sc_icons_item sc_icons_item_linked\"><div id=\"sc_icons_1599978091_icon-004-room\" class=\"sc_icons_icon sc_icon_type_ icon-004-room\"\n\t\t\t\t\t\t\t\t\t\t\t\t><span class=\"sc_icon_type_ icon-004-room\"><\/span><\/div><h4 class=\"sc_icons_item_title\"><span>Select one or more rooms<\/span><\/h4><a href=\"https:\/\/unlock-escape.de\/en\/buchen\/\" class=\"sc_icons_item_link\"><\/a><\/div><\/div><div class=\"trx_addons_column-1_4\"><div class=\"sc_icons_item sc_icons_item_linked\"><div id=\"sc_icons_1599978091_icon-003-calendar\" class=\"sc_icons_icon sc_icon_type_ icon-003-calendar\"\n\t\t\t\t\t\t\t\t\t\t\t\t><span class=\"sc_icon_type_ icon-003-calendar\"><\/span><\/div><h4 class=\"sc_icons_item_title\"><span>Choose the date and time<\/span><\/h4><a href=\"https:\/\/unlock-escape.de\/en\/buchen\/\" class=\"sc_icons_item_link\"><\/a><\/div><\/div><div class=\"trx_addons_column-1_4\"><div class=\"sc_icons_item sc_icons_item_linked\"><div id=\"sc_icons_1599978091_icon-002-team\" class=\"sc_icons_icon sc_icon_type_ icon-002-team\"\n\t\t\t\t\t\t\t\t\t\t\t\t><span class=\"sc_icon_type_ icon-002-team\"><\/span><\/div><h4 class=\"sc_icons_item_title\"><span>select the number of players<\/span><\/h4><a href=\"https:\/\/unlock-escape.de\/en\/buchen\/\" class=\"sc_icons_item_link\"><\/a><\/div><\/div><div class=\"trx_addons_column-1_4\"><div class=\"sc_icons_item sc_icons_item_linked\"><div id=\"sc_icons_1599978091_icon-001-check\" class=\"sc_icons_icon sc_icon_type_ icon-001-check\"\n\t\t\t\t\t\t\t\t\t\t\t\t><span class=\"sc_icon_type_ icon-001-check\"><\/span><\/div><h4 class=\"sc_icons_item_title\"><span>get your booking confirmation<\/span><\/h4><a href=\"https:\/\/unlock-escape.de\/en\/buchen\/\" class=\"sc_icons_item_link\"><\/a><\/div><\/div><\/div><\/div><!-- \/.sc_icons --><div class=\"vc_empty_space  vc_custom_1725692558307 height_medium\"   style=\"height: 32px\"><span class=\"vc_empty_space_inner\"><\/span><\/div><div class=\"vc_row wpb_row vc_inner vc_row-fluid\"><div class=\"wpb_column vc_column_container vc_col-sm-12 sc_layouts_column_icons_position_left\"><div class=\"vc_column-inner\"><div class=\"wpb_wrapper\"><div id=\"sc_content_40422176\"\n\t\tclass=\"sc_content color_style_default sc_content_default sc_float_center sc_padding_tiny  vc_custom_1725704327614\"><div class=\"sc_content_container\">\n\t<div class=\"wpb_text_column wpb_content_element\" >\n\t\t<div class=\"wpb_wrapper\">\n\t\t\t<h4 class=\"icon-untitled-8\">Are you interested in a birthday party?<\/h4>\n\n\t\t<\/div>\n\t<\/div>\n<\/div><\/div><!-- \/.sc_content --><div class=\"vc_empty_space  height_small\"   style=\"height: 32px\"><span class=\"vc_empty_space_inner\"><\/span><\/div><div id=\"sc_icons_245609278\" \n\tclass=\"sc_icons sc_icons_default sc_icons_size_small sc_align_left\"><div class=\"sc_icons_columns_wrap sc_item_columns trx_addons_columns_wrap columns_padding_bottom\"><div class=\"trx_addons_column-1_3\"><div class=\"sc_icons_item sc_icons_item_linked\"><div id=\"sc_icons_245609278_icon-phone-1\" class=\"sc_icons_icon sc_icon_type_ icon-phone-1\"\n\t\t\t\t\t\t\t\t\t\t\t\t><span class=\"sc_icon_type_ icon-phone-1\"><\/span><\/div><div class=\"sc_icons_item_description\"><span>Call us on +49 89 898 398 40<\/span><\/div><a href=\"tel:089%20898%20398%2040\" class=\"sc_icons_item_link\"><\/a><\/div><\/div><div class=\"trx_addons_column-1_3\"><div class=\"sc_icons_item sc_icons_item_linked\"><div id=\"sc_icons_245609278_icon-003-calendar\" class=\"sc_icons_icon sc_icon_type_ icon-003-calendar\"\n\t\t\t\t\t\t\t\t\t\t\t\t><span class=\"sc_icon_type_ icon-003-calendar\"><\/span><\/div><div class=\"sc_icons_item_description\"><span>send us an email to: info@unlock-escape.de<\/span><\/div><a href=\"mailto:info@unlock-escape.de\" class=\"sc_icons_item_link\"><\/a><\/div><\/div><div class=\"trx_addons_column-1_3\"><div class=\"sc_icons_item sc_icons_item_linked\"><div id=\"sc_icons_245609278_icon-003-calendar\" class=\"sc_icons_icon sc_icon_type_ icon-003-calendar\"\n\t\t\t\t\t\t\t\t\t\t\t\t><span class=\"sc_icon_type_ icon-003-calendar\"><\/span><\/div><div class=\"sc_icons_item_description\"><span>Book online<\/span><\/div><a href=\"\/en\/buchen\/\" class=\"sc_icons_item_link\"><\/a><\/div><\/div><\/div><\/div><!-- \/.sc_icons --><\/div><\/div><\/div><\/div><\/div><\/div><\/div><\/div><div class=\"vc_row-full-width vc_clearfix\"><\/div><div class=\"vc_row wpb_row vc_row-fluid\"><div class=\"wpb_column vc_column_container vc_col-sm-12 sc_layouts_column_icons_position_left\"><div class=\"vc_column-inner\"><div class=\"wpb_wrapper\"><div class=\"vc_empty_space  height_small\"   style=\"height: 0px\"><span class=\"vc_empty_space_inner\"><\/span><\/div><div id=\"sc_title_494795458\"\n\t\tclass=\"sc_title color_style_default sc_title_default\"><h6 class=\"sc_item_subtitle sc_title_subtitle sc_align_center sc_item_title_style_default\">FAQ<\/h6><h3 class=\"sc_item_title sc_title_title sc_align_center sc_item_title_style_default\">Frequently asked questions about children's birthday parties in the Escape Room<\/h3><\/div><!-- \/.sc_title --><div class=\"vc_empty_space  vc_custom_1725699976846 height_small\"   style=\"height: 32px\"><span class=\"vc_empty_space_inner\"><\/span><\/div><div id=\"sc_content_78890549\"\n\t\tclass=\"sc_content color_style_default sc_content_default sc_float_center\"><div class=\"sc_content_container\"><section class=\"vc_cta3-container\" id=\"kidsinfo\"><div class=\"vc_general vc_do_cta3 vc_cta3 vc_cta3-style-outline vc_cta3-shape-square vc_cta3-align-left vc_cta3-color-peacoc vc_cta3-icon-size-md vc_cta3-icons-top vc_cta3-actions-bottom\"><div class=\"vc_cta3-icons\"><div class=\"vc_icon_element vc_icon_element-outer vc_do_icon vc_icon_element-align-left\"><div class=\"vc_icon_element-inner vc_icon_element-color-peacoc vc_icon_element-size-md vc_icon_element-style- vc_icon_element-background-color-grey\" ><span class=\"vc_icon_element-icon fas fa-info-circle\" ><\/span><\/div><\/div><\/div><div class=\"vc_cta3_content-container\"><div class=\"vc_cta3-content\"><header class=\"vc_cta3-content-header\"><\/header><ul>\n<li>Children up to the age of 11 must always be accompanied by an adult as a supervisor on the adventure. The accompanying adult may take part in the game free of charge.<\/li>\n<li>Young people between the ages of 12 and 15 can participate alone with a declaration of consent (parent's note):<\/li>\n<\/ul>\n<\/div><div class=\"vc_cta3-actions\"><div class=\"vc_btn3-container vc_btn3-inline vc_do_btn\" ><a class=\"vc_general vc_btn3 vc_btn3-size-md vc_btn3-shape-rounded vc_btn3-style-modern vc_btn3-color-peacoc\" href=\"https:\/\/docs.google.com\/document\/d\/1_onI1hsaw9Cb1TTTsi1tpzi4QuzpsS7y\/edit?usp=sharing&#038;ouid=103759049144075013024&#038;rtpof=true&#038;sd=true\" title=\"\" target=\"_blank\" rel=\"noopener\">Declaration of consent<\/a><\/div><\/div><\/div><\/div><\/section><section class=\"vc_cta3-container\"><div class=\"vc_general vc_do_cta3 vc_cta3 vc_cta3-style-outline vc_cta3-shape-square vc_cta3-align-left vc_cta3-color-peacoc vc_cta3-icon-size-md\"><div class=\"vc_cta3_content-container\"><div class=\"vc_cta3-content\"><header class=\"vc_cta3-content-header\"><\/header><ul>\n<li>We don't lock anyone in! Everyone can leave the missions through the door at any time! Unlike many classic escape games, the main aim of our adventures is not to escape from the room - there is always an important mission to complete.<\/li>\n<li>Give the children enough time and space to search for themselves and discover clues. Even if you already know the solution, give the children the pleasure of experiencing the sense of achievement all by themselves.<\/li>\n<li>Support them with little hints when they get stuck to show them the right way.<\/li>\n<li>Let the children try out as much as possible themselves. Even if it can take a little longer with fine motor tasks - with patience they can usually do it all by themselves.<\/li>\n<li>If you get stuck, encourage the children to ask the game leader for support.<\/li>\n<\/ul>\n<\/div><\/div><\/div><\/section><div class=\"vc_empty_space  vc_custom_1725699976846 height_small\"   style=\"height: 32px\"><span class=\"vc_empty_space_inner\"><\/span><\/div><\/div><\/div><!-- \/.sc_content --><div class=\"vc_row wpb_row vc_inner vc_row-fluid\"><div class=\"wpb_column vc_column_container vc_col-sm-6 sc_layouts_column_icons_position_left\"><div class=\"vc_column-inner\"><div class=\"wpb_wrapper\"><div  class=\"vc_do_toggle vc_toggle vc_toggle_arrow vc_toggle_color_default  vc_toggle_size_md\"><div class=\"vc_toggle_title\"><h4>How long does an Escape Game Munich mission take? When should we be there?<\/h4><i class=\"vc_toggle_icon\"><\/i><\/div><div class=\"vc_toggle_content\"><p>An escape room game lasts 60 minutes. You should allow around 80 minutes for your visit. Before the game, there will be a short briefing by the game master. Therefore, please be there 15 minutes before your booked appointment.<\/p>\n<\/div><\/div><div  class=\"vc_do_toggle vc_toggle vc_toggle_arrow vc_toggle_color_default  vc_toggle_size_md\"><div class=\"vc_toggle_title\"><h4>Who is the game suitable for? Do we need special skills or powers?<\/h4><i class=\"vc_toggle_icon\"><\/i><\/div><div class=\"vc_toggle_content\"><p>The missions are suitable for anyone who likes to be active and would rather think for themselves than observe others. No special powers or skills are required.<\/p>\n<\/div><\/div><div  class=\"vc_do_toggle vc_toggle vc_toggle_arrow vc_toggle_color_default  vc_toggle_size_md\"><div class=\"vc_toggle_title\"><h4>Ab welchem Alter k\u00f6nnen wir den Kindergeburtstag im Escape Room M\u00fcnchen feiern?<\/h4><i class=\"vc_toggle_icon\"><\/i><\/div><div class=\"vc_toggle_content\"><p>In Bogenhausen<\/p>\n<ul>\n<li>The witch from age 8<\/li>\n<li aria-level=\"2\">The casket from age 8<\/li>\n<li aria-level=\"2\">In the death cave from 12 years in the family, from 14 years alone with declaration of consent<\/li>\n<li aria-level=\"2\">Castle cell from 12 years in the family, from 14 years alone with declaration of consent<\/li>\n<\/ul>\n<p>Tal<\/p>\n<ul>\n<li>In Seven Kingdoms from 14 years<\/li>\n<li>Taphephobia  from age 16<\/li>\n<li>Dungeon from age 18<\/li>\n<\/ul>\n<\/div><\/div><\/div><\/div><\/div><div class=\"wpb_column vc_column_container vc_col-sm-6 sc_layouts_column_icons_position_left\"><div class=\"vc_column-inner\"><div class=\"wpb_wrapper\"><div  class=\"vc_do_toggle vc_toggle vc_toggle_arrow vc_toggle_color_default  vc_toggle_size_md\"><div class=\"vc_toggle_title\"><h4>I would like to add people to my booking. Is that possible?<\/h4><i class=\"vc_toggle_icon\"><\/i><\/div><div class=\"vc_toggle_content\"><p>Yes, as long as the maximum number of players per room is not exceeded. Please bring enough cash for this. You must bring the extra person <strong>not<\/strong> in advance by telephone or in writing.<br \/>\nNote that the Taphephobia room can only be played with 2 OR 4 players.<\/p>\n<\/div><\/div><div  class=\"vc_do_toggle vc_toggle vc_toggle_arrow vc_toggle_color_default  vc_toggle_size_md\"><div class=\"vc_toggle_title\"><h4>What do I have to consider in case of cancelations?<\/h4><i class=\"vc_toggle_icon\"><\/i><\/div><div class=\"vc_toggle_content\"><p>You can cancel your mission free of charge up to 48 hours before the start.<\/p>\n<p>If you cancel later (please do so by telephone) we reserve the right to charge you a cancellation fee.<\/p>\n<\/div><\/div><div  class=\"vc_do_toggle vc_toggle vc_toggle_arrow vc_toggle_color_default  vc_toggle_size_md\"><div class=\"vc_toggle_title\"><h4>Do you have restrooms?<\/h4><i class=\"vc_toggle_icon\"><\/i><\/div><div class=\"vc_toggle_content\"><p>Yes, we have a restroom.<\/p>\n<\/div><\/div><div class=\"vc_empty_space  height_small\"   style=\"height: 0px\"><span class=\"vc_empty_space_inner\"><\/span><\/div><\/div><\/div><\/div><\/div><\/div><\/div><\/div><\/div><div data-vc-full-width=\"true\" data-vc-full-width-temp=\"true\" data-vc-full-width-init=\"false\" class=\"vc_row wpb_row vc_row-fluid vc_custom_1727867745598 vc_row-has-fill scheme_dark\"><div class=\"wpb_column vc_column_container vc_col-sm-12 sc_layouts_column_icons_position_left\"><div class=\"vc_column-inner\"><div class=\"wpb_wrapper\"><div class=\"vc_empty_space  height_small\"   style=\"height: 32px\"><span class=\"vc_empty_space_inner\"><\/span><\/div><div id=\"sc_icons_2138965671\" \n\tclass=\"sc_icons sc_icons_default sc_icons_size_medium sc_align_center\"><div class=\"sc_icons_columns_wrap sc_item_columns trx_addons_columns_wrap columns_padding_bottom\"><div class=\"trx_addons_column-1_2\"><div class=\"sc_icons_item sc_icons_item_linked\"><div id=\"sc_icons_2138965671_icon-info\" class=\"sc_icons_icon sc_icon_type_ icon-info\"\n\t\t\t\t\t\t\t\t\t\t\t\t><span class=\"sc_icon_type_ icon-info\"><\/span><\/div><h4 class=\"sc_icons_item_title\"><span>All FAQs<\/span><\/h4><a href=\"https:\/\/unlock-escape.de\/en\/faq\/\" class=\"sc_icons_item_link\"><\/a><\/div><\/div><div class=\"trx_addons_column-1_2\"><div class=\"sc_icons_item sc_icons_item_linked\"><div id=\"sc_icons_2138965671_icon-003-calendar\" class=\"sc_icons_icon sc_icon_type_ icon-003-calendar\"\n\t\t\t\t\t\t\t\t\t\t\t\t><span class=\"sc_icon_type_ icon-003-calendar\"><\/span><\/div><h4 class=\"sc_icons_item_title\"><span>Book now<\/span><\/h4><a href=\"https:\/\/unlock-escape.de\/en\/buchen\/\" class=\"sc_icons_item_link\"><\/a><\/div><\/div><\/div><\/div><!-- \/.sc_icons --><div class=\"vc_empty_space  vc_custom_1725692558307 height_medium\"   style=\"height: 32px\"><span class=\"vc_empty_space_inner\"><\/span><\/div><\/div><\/div><\/div><\/div><div class=\"vc_row-full-width vc_clearfix\"><\/div>\n<\/div>","protected":false},"excerpt":{"rendered":"Geburtstagskinder freiGeburtstagsparty Das Geburtstagskind jeden Alters innerhalb der Spielwoche hat bei uns freien Eintritt ab einer Gruppengr\u00f6\u00dfe von 4 Personen! Ihr seid Zwillinge? Ab einer Gruppengr\u00f6\u00dfe von 5 Personen k\u00f6nnt&hellip;","protected":false},"author":2,"featured_media":0,"parent":0,"menu_order":0,"comment_status":"closed","ping_status":"closed","template":"","meta":{"inline_featured_image":false,"footnotes":""},"class_list":["post-1625","page","type-page","status-publish","hentry"],"_links":{"self":[{"href":"https:\/\/unlock-escape.de\/en\/wp-json\/wp\/v2\/pages\/1625","targetHints":{"allow":["GET"]}}],"collection":[{"href":"https:\/\/unlock-escape.de\/en\/wp-json\/wp\/v2\/pages"}],"about":[{"href":"https:\/\/unlock-escape.de\/en\/wp-json\/wp\/v2\/types\/page"}],"author":[{"embeddable":true,"href":"https:\/\/unlock-escape.de\/en\/wp-json\/wp\/v2\/users\/2"}],"replies":[{"embeddable":true,"href":"https:\/\/unlock-escape.de\/en\/wp-json\/wp\/v2\/comments?post=1625"}],"version-history":[{"count":47,"href":"https:\/\/unlock-escape.de\/en\/wp-json\/wp\/v2\/pages\/1625\/revisions"}],"predecessor-version":[{"id":2312,"href":"https:\/\/unlock-escape.de\/en\/wp-json\/wp\/v2\/pages\/1625\/revisions\/2312"}],"wp:attachment":[{"href":"https:\/\/unlock-escape.de\/en\/wp-json\/wp\/v2\/media?parent=1625"}],"curies":[{"name":"wp","href":"https:\/\/api.w.org\/{rel}","templated":true}]}}