{"id":1613,"date":"2024-09-07T02:02:50","date_gmt":"2024-09-07T00:02:50","guid":{"rendered":"https:\/\/unlock-escape.de\/?page_id=1613"},"modified":"2026-02-08T09:15:04","modified_gmt":"2026-02-08T08:15:04","slug":"escape-room-muenchen-angebote","status":"publish","type":"page","link":"https:\/\/unlock-escape.de\/en\/escape-room-muenchen-angebote\/","title":{"rendered":"Top Escape Room M\u00fcnchen Angebote 2025 \u2013 Einzigartige Erlebnisse f\u00fcr jedes Event!"},"content":{"rendered":"<div class=\"wpb-content-wrapper\"><div class=\"vc_row wpb_row vc_row-fluid\"><div class=\"wpb_column vc_column_container vc_col-sm-12 sc_layouts_column_icons_position_left\"><div class=\"vc_column-inner\"><div class=\"wpb_wrapper\"><div id=\"sc_table_478811295_wrap\" class=\"sc_table_wrap\"><div id=\"sc_table_478811295\"\n\t\t\tclass=\"sc_table sc_table_default\" style=\"width:100%;\"><\/div><\/div><!-- \/.sc_table_wrap --><h1 style=\"text-align: left\" class=\"vc_custom_heading vc_do_custom_heading\" >Offers for special groups<\/h1><div class=\"vc_empty_space  height_small\"   style=\"height: 32px\"><span class=\"vc_empty_space_inner\"><\/span><\/div>\n\t<div class=\"wpb_text_column wpb_content_element\" >\n\t\t<div class=\"wpb_wrapper\">\n\t\t\t<p>Welcome to Unlock Escape Munich! We have exciting Escape Room Munich offers for every occasion: from unforgettable experiences for children and families, exciting JGAs and unique marriage proposals to creative team-building events for companies. Birthday children play for free with us, and there are special discounts for students. Whether with friends, family or as a company event - discover a variety of adventures with us that will bring heads together and make hearts beat faster!<\/p>\n\n\t\t<\/div>\n\t<\/div>\n<div class=\"vc_empty_space  height_small\"   style=\"height: 32px\"><span class=\"vc_empty_space_inner\"><\/span><\/div><\/div><\/div><\/div><\/div><div class=\"vc_row wpb_row vc_row-fluid\"><div class=\"wpb_column vc_column_container vc_col-sm-12 sc_layouts_column_icons_position_left\"><div class=\"vc_column-inner\"><div class=\"wpb_wrapper\">\n\t<div class=\"wpb_text_column wpb_content_element\" >\n\t\t<div class=\"wpb_wrapper\">\n\t\t\t<h2>Escape Room Munich offers<\/h2>\n\n\t\t<\/div>\n\t<\/div>\n<div class=\"vc_empty_space  height_small\"   style=\"height: 32px\"><span class=\"vc_empty_space_inner\"><\/span><\/div><\/div><\/div><\/div><\/div><div class=\"vc_row wpb_row vc_row-fluid sc_layouts_hide_on_desktop sc_layouts_hide_on_notebook sc_layouts_hide_on_tablet sc_layouts_hide_on_mobile sc_layouts_hide_on_frontpage\"><div class=\"wpb_column vc_column_container vc_col-sm-12 sc_layouts_column_icons_position_left\"><div class=\"vc_column-inner\"><div class=\"wpb_wrapper\"><div class=\"vc_empty_space  height_medium\"   style=\"height: 32px\"><span class=\"vc_empty_space_inner\"><\/span><\/div><\/div><\/div><\/div><\/div><div class=\"vc_row wpb_row vc_row-fluid\"><div class=\"wpb_column vc_column_container vc_col-sm-5 sc_layouts_column_icons_position_left\"><div class=\"vc_column-inner\"><div class=\"wpb_wrapper\">\n\t<div  class=\"wpb_single_image wpb_content_element vc_align_left wpb_content_element\">\n\t\t\n\t\t<figure class=\"wpb_wrapper vc_figure\">\n\t\t\t<div class=\"vc_single_image-wrapper vc_box_border  vc_box_border_grey\"><img loading=\"lazy\" decoding=\"async\" width=\"1280\" height=\"853\" src=\"https:\/\/unlock-escape.de\/wp-content\/uploads\/2024\/10\/Schulkinder-girls-7319675_1280_pixabay.jpg\" class=\"vc_single_image-img attachment-full\" alt=\"escape room m\u00fcnchen angebote, rabatt\" title=\"Schulkinder-girls-7319675_1280_pixabay\" srcset=\"https:\/\/unlock-escape.de\/wp-content\/uploads\/2024\/10\/Schulkinder-girls-7319675_1280_pixabay.jpg 1280w, https:\/\/unlock-escape.de\/wp-content\/uploads\/2024\/10\/Schulkinder-girls-7319675_1280_pixabay-300x200.jpg 300w, https:\/\/unlock-escape.de\/wp-content\/uploads\/2024\/10\/Schulkinder-girls-7319675_1280_pixabay-1024x682.jpg 1024w, https:\/\/unlock-escape.de\/wp-content\/uploads\/2024\/10\/Schulkinder-girls-7319675_1280_pixabay-768x512.jpg 768w, https:\/\/unlock-escape.de\/wp-content\/uploads\/2024\/10\/Schulkinder-girls-7319675_1280_pixabay-18x12.jpg 18w, https:\/\/unlock-escape.de\/wp-content\/uploads\/2024\/10\/Schulkinder-girls-7319675_1280_pixabay-370x247.jpg 370w, https:\/\/unlock-escape.de\/wp-content\/uploads\/2024\/10\/Schulkinder-girls-7319675_1280_pixabay-760x506.jpg 760w\" sizes=\"auto, (max-width: 1280px) 100vw, 1280px\" \/><\/div>\n\t\t<\/figure>\n\t<\/div>\n<div class=\"vc_empty_space  hide_on_desktop hide_on_notebook hide_on_tablet height_medium\"   style=\"height: 32px\"><span class=\"vc_empty_space_inner\"><\/span><\/div><\/div><\/div><\/div><div class=\"wpb_column vc_column_container vc_col-sm-7 sc_layouts_column_icons_position_left\"><div class=\"vc_column-inner\"><div class=\"wpb_wrapper\">\n\t<div class=\"wpb_text_column wpb_content_element\" >\n\t\t<div class=\"wpb_wrapper\">\n\t\t\t<h3>Student discount<\/h3>\n<p>As a student, you benefit from an exclusive 10% discount! Take advantage of this opportunity and secure your adventure at a reduced price. Simply show your student ID when booking and enjoy our exciting escape room experience at an attractive rate!<\/p>\n\n\t\t<\/div>\n\t<\/div>\n<div class=\"vc_empty_space  vc_custom_1517817372532 height_small\"   style=\"height: 32px\"><span class=\"vc_empty_space_inner\"><\/span><\/div><a href=\"\/en\/buchen\/\" id=\"sc_button_1415322315\" class=\"sc_button color_style_default sc_button_default sc_button_size_normal sc_button_icon_left\"><span class=\"sc_button_text\"><span class=\"sc_button_title\">Book now<\/span><\/span><!-- \/.sc_button_text --><\/a><!-- \/.sc_button --><\/div><\/div><\/div><\/div><div class=\"vc_row wpb_row vc_row-fluid\"><div class=\"wpb_column vc_column_container vc_col-sm-12 sc_layouts_column_icons_position_left\"><div class=\"vc_column-inner\"><div class=\"wpb_wrapper\"><div class=\"vc_empty_space  height_medium\"   style=\"height: 32px\"><span class=\"vc_empty_space_inner\"><\/span><\/div><\/div><\/div><\/div><\/div><div class=\"vc_row wpb_row vc_row-fluid\"><div class=\"wpb_column vc_column_container vc_col-sm-5 sc_layouts_column_icons_position_left\"><div class=\"vc_column-inner\"><div class=\"wpb_wrapper\">\n\t<div  class=\"wpb_single_image wpb_content_element vc_align_left wpb_content_element\">\n\t\t\n\t\t<figure class=\"wpb_wrapper vc_figure\">\n\t\t\t<div class=\"vc_single_image-wrapper vc_box_border  vc_box_border_grey\"><img loading=\"lazy\" decoding=\"async\" width=\"1280\" height=\"853\" src=\"https:\/\/unlock-escape.de\/wp-content\/uploads\/2024\/10\/happy-birthday-5998694_1280_pixabay.jpg\" class=\"vc_single_image-img attachment-full\" alt=\"Happy Birthday\" title=\"happy-birthday-5998694_1280_pixabay\" srcset=\"https:\/\/unlock-escape.de\/wp-content\/uploads\/2024\/10\/happy-birthday-5998694_1280_pixabay.jpg 1280w, https:\/\/unlock-escape.de\/wp-content\/uploads\/2024\/10\/happy-birthday-5998694_1280_pixabay-300x200.jpg 300w, https:\/\/unlock-escape.de\/wp-content\/uploads\/2024\/10\/happy-birthday-5998694_1280_pixabay-1024x682.jpg 1024w, https:\/\/unlock-escape.de\/wp-content\/uploads\/2024\/10\/happy-birthday-5998694_1280_pixabay-768x512.jpg 768w, https:\/\/unlock-escape.de\/wp-content\/uploads\/2024\/10\/happy-birthday-5998694_1280_pixabay-18x12.jpg 18w, https:\/\/unlock-escape.de\/wp-content\/uploads\/2024\/10\/happy-birthday-5998694_1280_pixabay-370x247.jpg 370w, https:\/\/unlock-escape.de\/wp-content\/uploads\/2024\/10\/happy-birthday-5998694_1280_pixabay-760x506.jpg 760w\" sizes=\"auto, (max-width: 1280px) 100vw, 1280px\" \/><\/div>\n\t\t<\/figure>\n\t<\/div>\n<div class=\"vc_empty_space  hide_on_desktop hide_on_notebook hide_on_tablet height_medium\"   style=\"height: 32px\"><span class=\"vc_empty_space_inner\"><\/span><\/div><\/div><\/div><\/div><div class=\"wpb_column vc_column_container vc_col-sm-7 sc_layouts_column_icons_position_left\"><div class=\"vc_column-inner\"><div class=\"wpb_wrapper\">\n\t<div class=\"wpb_text_column wpb_content_element\" >\n\t\t<div class=\"wpb_wrapper\">\n\t\t\t<h3>Birthday children free<\/h3>\n<p>Birthday children of all ages during the play week have free admission from a group size of 4 people!<\/p>\n<p>Are you looking for something out of the ordinary for your birthday party? Something that will not only be remembered, but will be the topic of conversation for weeks to come? Celebrate your birthday at Unlock Escape!<\/p>\n<p>We offer you a new and exciting challenge that will make your party unforgettable! In the Exit Game rooms, you and your guests will be locked in a room and have a unique mission to complete. You have 60 minutes to crack the puzzles together, solve the tasks and escape!<\/p>\n<p>You can hire the whole location or just a single room for your birthday party. For further details <a href=\"\/en\/kontakt\/\">please contact us<\/a>.<\/p>\n\n\t\t<\/div>\n\t<\/div>\n<div class=\"vc_empty_space  vc_custom_1517817372532 height_small\"   style=\"height: 32px\"><span class=\"vc_empty_space_inner\"><\/span><\/div><a href=\"\/en\/geburtstag\/\" id=\"sc_button_1610457491\" class=\"sc_button color_style_default sc_button_default sc_button_size_normal sc_button_icon_left\"><span class=\"sc_button_text\"><span class=\"sc_button_title\">read more<\/span><\/span><!-- \/.sc_button_text --><\/a><!-- \/.sc_button --><\/div><\/div><\/div><\/div><div class=\"vc_row wpb_row vc_row-fluid\"><div class=\"wpb_column vc_column_container vc_col-sm-12 sc_layouts_column_icons_position_left\"><div class=\"vc_column-inner\"><div class=\"wpb_wrapper\"><div class=\"vc_empty_space  height_small\"   style=\"height: 32px\"><span class=\"vc_empty_space_inner\"><\/span><\/div><\/div><\/div><\/div><\/div><div class=\"vc_row wpb_row vc_row-fluid\"><div class=\"wpb_column vc_column_container vc_col-sm-12 sc_layouts_column_icons_position_left\"><div class=\"vc_column-inner\"><div class=\"wpb_wrapper\">\n\t<div class=\"wpb_text_column wpb_content_element\" >\n\t\t<div class=\"wpb_wrapper\">\n\t\t\t<h2>Especially for<\/h2>\n\n\t\t<\/div>\n\t<\/div>\n<div class=\"vc_empty_space  height_small\"   style=\"height: 32px\"><span class=\"vc_empty_space_inner\"><\/span><\/div><\/div><\/div><\/div><\/div><div class=\"vc_row wpb_row vc_row-fluid\"><div class=\"wpb_column vc_column_container vc_col-sm-5 sc_layouts_column_icons_position_left\"><div class=\"vc_column-inner\"><div class=\"wpb_wrapper\">\n\t<div  class=\"wpb_single_image wpb_content_element vc_align_left wpb_content_element\">\n\t\t\n\t\t<figure class=\"wpb_wrapper vc_figure\">\n\t\t\t<div class=\"vc_single_image-wrapper vc_box_border  vc_box_border_grey\"><img loading=\"lazy\" decoding=\"async\" width=\"1280\" height=\"912\" src=\"https:\/\/unlock-escape.de\/wp-content\/uploads\/2024\/10\/heiratsantrag-couple-5003157_1280_pixabay-bronce.jpg\" class=\"vc_single_image-img attachment-full\" alt=\"Heiratsantrag\" title=\"heiratsantrag-couple-5003157_1280_pixabay-bronce\" srcset=\"https:\/\/unlock-escape.de\/wp-content\/uploads\/2024\/10\/heiratsantrag-couple-5003157_1280_pixabay-bronce.jpg 1280w, https:\/\/unlock-escape.de\/wp-content\/uploads\/2024\/10\/heiratsantrag-couple-5003157_1280_pixabay-bronce-300x214.jpg 300w, https:\/\/unlock-escape.de\/wp-content\/uploads\/2024\/10\/heiratsantrag-couple-5003157_1280_pixabay-bronce-1024x730.jpg 1024w, https:\/\/unlock-escape.de\/wp-content\/uploads\/2024\/10\/heiratsantrag-couple-5003157_1280_pixabay-bronce-768x547.jpg 768w, https:\/\/unlock-escape.de\/wp-content\/uploads\/2024\/10\/heiratsantrag-couple-5003157_1280_pixabay-bronce-18x12.jpg 18w, https:\/\/unlock-escape.de\/wp-content\/uploads\/2024\/10\/heiratsantrag-couple-5003157_1280_pixabay-bronce-370x264.jpg 370w, https:\/\/unlock-escape.de\/wp-content\/uploads\/2024\/10\/heiratsantrag-couple-5003157_1280_pixabay-bronce-760x542.jpg 760w\" sizes=\"auto, (max-width: 1280px) 100vw, 1280px\" \/><\/div>\n\t\t<\/figure>\n\t<\/div>\n<div class=\"vc_empty_space  hide_on_desktop hide_on_notebook hide_on_tablet height_medium\"   style=\"height: 32px\"><span class=\"vc_empty_space_inner\"><\/span><\/div><\/div><\/div><\/div><div class=\"wpb_column vc_column_container vc_col-sm-7 sc_layouts_column_icons_position_left\"><div class=\"vc_column-inner\"><div class=\"wpb_wrapper\">\n\t<div class=\"wpb_text_column wpb_content_element\" >\n\t\t<div class=\"wpb_wrapper\">\n\t\t\t<h3>Marriage proposals<\/h3>\n<p>Would you like to make an unforgettable and unique marriage proposal to your partner? Make a marriage proposal at Unlock-Escape and surprise your sweetheart with the proposal of your life! The two of you are locked in a room (very intimate and uniquely romantic!) and must try to find the exit and solve problems. Along the way, your loved one can find a hidden ring (or something similar) and you can pop the question to him or her - the ultimate surprise proposal!<\/p>\n<p>We can provide decorations, flowers, a toast with champagne etc. when you leave the room (at your expense).<\/p>\n<p>We can design the room to suit your creative ideas for your special proposal! For more details\u00a0<a href=\"\/en\/kontakt\/\">please contact us<\/a>.<\/p>\n\n\t\t<\/div>\n\t<\/div>\n<\/div><\/div><\/div><\/div><div class=\"vc_row wpb_row vc_row-fluid\"><div class=\"wpb_column vc_column_container vc_col-sm-12 sc_layouts_column_icons_position_left\"><div class=\"vc_column-inner\"><div class=\"wpb_wrapper\"><div class=\"vc_empty_space  height_medium\"   style=\"height: 32px\"><span class=\"vc_empty_space_inner\"><\/span><\/div><\/div><\/div><\/div><\/div><div class=\"vc_row wpb_row vc_row-fluid\"><div class=\"wpb_column vc_column_container vc_col-sm-5 sc_layouts_column_icons_position_left\"><div class=\"vc_column-inner\"><div class=\"wpb_wrapper\">\n\t<div  class=\"wpb_single_image wpb_content_element vc_align_left wpb_content_element\">\n\t\t\n\t\t<figure class=\"wpb_wrapper vc_figure\">\n\t\t\t<div class=\"vc_single_image-wrapper vc_box_border  vc_box_border_grey\"><img loading=\"lazy\" decoding=\"async\" width=\"1920\" height=\"1310\" src=\"https:\/\/unlock-escape.de\/wp-content\/uploads\/2024\/10\/people-2569234_1920_pixabay.jpg\" class=\"vc_single_image-img attachment-full\" alt=\"Escape Room M\u00fcnchen - people business team\" title=\"people-2569234_1920_pixabay\" srcset=\"https:\/\/unlock-escape.de\/wp-content\/uploads\/2024\/10\/people-2569234_1920_pixabay.jpg 1920w, https:\/\/unlock-escape.de\/wp-content\/uploads\/2024\/10\/people-2569234_1920_pixabay-300x205.jpg 300w, https:\/\/unlock-escape.de\/wp-content\/uploads\/2024\/10\/people-2569234_1920_pixabay-1024x699.jpg 1024w, https:\/\/unlock-escape.de\/wp-content\/uploads\/2024\/10\/people-2569234_1920_pixabay-768x524.jpg 768w, https:\/\/unlock-escape.de\/wp-content\/uploads\/2024\/10\/people-2569234_1920_pixabay-1536x1048.jpg 1536w, https:\/\/unlock-escape.de\/wp-content\/uploads\/2024\/10\/people-2569234_1920_pixabay-18x12.jpg 18w, https:\/\/unlock-escape.de\/wp-content\/uploads\/2024\/10\/people-2569234_1920_pixabay-370x252.jpg 370w, https:\/\/unlock-escape.de\/wp-content\/uploads\/2024\/10\/people-2569234_1920_pixabay-760x519.jpg 760w\" sizes=\"auto, (max-width: 1920px) 100vw, 1920px\" \/><\/div>\n\t\t<\/figure>\n\t<\/div>\n<div class=\"vc_empty_space  hide_on_desktop hide_on_notebook hide_on_tablet height_medium\"   style=\"height: 32px\"><span class=\"vc_empty_space_inner\"><\/span><\/div><\/div><\/div><\/div><div class=\"wpb_column vc_column_container vc_col-sm-7 sc_layouts_column_icons_position_left\"><div class=\"vc_column-inner\"><div class=\"wpb_wrapper\">\n\t<div class=\"wpb_text_column wpb_content_element\" >\n\t\t<div class=\"wpb_wrapper\">\n\t\t\t<h3>Corporate events<\/h3>\n<p>Team building activities can be invaluable for efficiency and the general atmosphere in the office - but only if they are carried out correctly.<\/p>\n<p>That's why Unlock-Escape can help you organize an unforgettable team building event. In an intense 60 minutes, participants will not only have fun, but also test and improve their diverse skills.<\/p>\n\n\t\t<\/div>\n\t<\/div>\n<div class=\"vc_empty_space  vc_custom_1517817372532 height_small\"   style=\"height: 32px\"><span class=\"vc_empty_space_inner\"><\/span><\/div><a href=\"\/en\/firma\/\" id=\"sc_button_827777337\" class=\"sc_button color_style_default sc_button_default sc_button_size_normal sc_button_icon_left\"><span class=\"sc_button_text\"><span class=\"sc_button_title\">read more<\/span><\/span><!-- \/.sc_button_text --><\/a><!-- \/.sc_button --><\/div><\/div><\/div><\/div><div class=\"vc_row wpb_row vc_row-fluid\"><div class=\"wpb_column vc_column_container vc_col-sm-12 sc_layouts_column_icons_position_left\"><div class=\"vc_column-inner\"><div class=\"wpb_wrapper\"><div class=\"vc_empty_space  height_medium\"   style=\"height: 32px\"><span class=\"vc_empty_space_inner\"><\/span><\/div><\/div><\/div><\/div><\/div><div class=\"vc_row wpb_row vc_row-fluid\"><div class=\"wpb_column vc_column_container vc_col-sm-5 sc_layouts_column_icons_position_left\"><div class=\"vc_column-inner\"><div class=\"wpb_wrapper\">\n\t<div  class=\"wpb_single_image wpb_content_element vc_align_left wpb_content_element\">\n\t\t\n\t\t<figure class=\"wpb_wrapper vc_figure\">\n\t\t\t<div class=\"vc_single_image-wrapper vc_box_border  vc_box_border_grey\"><img loading=\"lazy\" decoding=\"async\" width=\"1280\" height=\"853\" src=\"https:\/\/unlock-escape.de\/wp-content\/uploads\/2024\/10\/JGA-nicole-sabilia-pexels.jpg\" class=\"vc_single_image-img attachment-full\" alt=\"JGA Party\" title=\"JGA-nicole-sabilia-pexels\" srcset=\"https:\/\/unlock-escape.de\/wp-content\/uploads\/2024\/10\/JGA-nicole-sabilia-pexels.jpg 1280w, https:\/\/unlock-escape.de\/wp-content\/uploads\/2024\/10\/JGA-nicole-sabilia-pexels-300x200.jpg 300w, https:\/\/unlock-escape.de\/wp-content\/uploads\/2024\/10\/JGA-nicole-sabilia-pexels-1024x682.jpg 1024w, https:\/\/unlock-escape.de\/wp-content\/uploads\/2024\/10\/JGA-nicole-sabilia-pexels-768x512.jpg 768w, https:\/\/unlock-escape.de\/wp-content\/uploads\/2024\/10\/JGA-nicole-sabilia-pexels-18x12.jpg 18w, https:\/\/unlock-escape.de\/wp-content\/uploads\/2024\/10\/JGA-nicole-sabilia-pexels-370x247.jpg 370w, https:\/\/unlock-escape.de\/wp-content\/uploads\/2024\/10\/JGA-nicole-sabilia-pexels-760x506.jpg 760w\" sizes=\"auto, (max-width: 1280px) 100vw, 1280px\" \/><\/div>\n\t\t<\/figure>\n\t<\/div>\n<div class=\"vc_empty_space  hide_on_desktop hide_on_notebook hide_on_tablet height_medium\"   style=\"height: 32px\"><span class=\"vc_empty_space_inner\"><\/span><\/div><\/div><\/div><\/div><div class=\"wpb_column vc_column_container vc_col-sm-7 sc_layouts_column_icons_position_left\"><div class=\"vc_column-inner\"><div class=\"wpb_wrapper\">\n\t<div class=\"wpb_text_column wpb_content_element\" >\n\t\t<div class=\"wpb_wrapper\">\n\t\t\t<h3>Stag Party<\/h3>\n<p>Enjoy your last day of freedom with your friends - the ideal start to your stag or hen party in Munich! We are happy to hide something for your guests at the end of the mission to kick off the evening.<\/p>\n<p>It is usually the best man or best woman who organizes the JGA. If your best friend is getting married and you are the Best Man or Best Woman, why go for the tried and tested? <a href=\"https:\/\/i.pinimg.com\/736x\/bb\/39\/53\/bb395338b776abdd95579457680a619b.jpg\" target=\"_blank\" rel=\"noopener nofollow\">Belly stores full of shots<\/a> through Munich's city center are boring! And if you start right at the pub, you often don't get very far. Karaoke and <a href=\"https:\/\/berlin-striptease.com\/images\/partys\/jga\/tmb\/junggesellenabschied-01.jpg\" target=\"_blank\" rel=\"noopener nofollow\">Stripper<\/a> - that can be better! Unlock Escape, your JGA Escape Room Munich offer, opens its mysterious rooms for you! There's no better place to start: with one drop you're right at Marienplatz. What are you waiting for?<\/p>\n\n\t\t<\/div>\n\t<\/div>\n<div class=\"vc_empty_space  vc_custom_1730549222870 height_tiny\"   style=\"height: 32px\"><span class=\"vc_empty_space_inner\"><\/span><\/div>\n\t<div class=\"wpb_text_column wpb_content_element\" >\n\t\t<div class=\"wpb_wrapper\">\n\t\t\t<h6 class=\"icon-untitled-8\">Give us a call +49 89 898 398 40 or <a href=\"mailto:info@unlock-escape.de\" target=\"_blank\" rel=\"noopener\">send us an email<\/a><\/h6>\n\n\t\t<\/div>\n\t<\/div>\n<div class=\"vc_empty_space  vc_custom_1517817372532 height_small\"   style=\"height: 32px\"><span class=\"vc_empty_space_inner\"><\/span><\/div><a href=\"\/en\/buchen\/\" id=\"sc_button_576421748\" class=\"sc_button color_style_default sc_button_default sc_button_size_normal sc_button_icon_left\"><span class=\"sc_button_text\"><span class=\"sc_button_title\">Book now<\/span><\/span><!-- \/.sc_button_text --><\/a><!-- \/.sc_button --><\/div><\/div><\/div><\/div><div class=\"vc_row wpb_row vc_row-fluid\"><div class=\"wpb_column vc_column_container vc_col-sm-12 sc_layouts_column_icons_position_left\"><div class=\"vc_column-inner\"><div class=\"wpb_wrapper\"><div class=\"vc_empty_space  height_medium\"   style=\"height: 32px\"><span class=\"vc_empty_space_inner\"><\/span><\/div><\/div><\/div><\/div><\/div><div class=\"vc_row wpb_row vc_row-fluid\"><div class=\"wpb_column vc_column_container vc_col-sm-12 sc_layouts_column_icons_position_left\"><div class=\"vc_column-inner\"><div class=\"wpb_wrapper\"><div class=\"vc_empty_space  vc_custom_1517817372532 height_small\"   style=\"height: 32px\"><span class=\"vc_empty_space_inner\"><\/span><\/div>\n\t<div class=\"wpb_text_column wpb_content_element\" >\n\t\t<div class=\"wpb_wrapper\">\n\t\t\t<p>In Bogenhausen, we offer discounted rates for groups from Monday to Thursday - ideal for your next excursion!<\/p>\n\n\t\t<\/div>\n\t<\/div>\n<div class=\"vc_empty_space  height_medium\"   style=\"height: 32px\"><span class=\"vc_empty_space_inner\"><\/span><\/div><\/div><\/div><\/div><\/div>\n<\/div>","protected":false},"excerpt":{"rendered":"Angebote f\u00fcr spezielle Gruppen Willkommen bei Unlock Escape M\u00fcnchen! Wir bieten spannende Escape Room M\u00fcnchen Angebote f\u00fcr jede Gelegenheit: von unvergesslichen Erlebnissen f\u00fcr Kinder und Familien, aufregenden JGAs und einzigartigen&hellip;","protected":false},"author":1,"featured_media":0,"parent":0,"menu_order":0,"comment_status":"closed","ping_status":"closed","template":"","meta":{"inline_featured_image":false,"footnotes":""},"class_list":["post-1613","page","type-page","status-publish","hentry"],"_links":{"self":[{"href":"https:\/\/unlock-escape.de\/en\/wp-json\/wp\/v2\/pages\/1613","targetHints":{"allow":["GET"]}}],"collection":[{"href":"https:\/\/unlock-escape.de\/en\/wp-json\/wp\/v2\/pages"}],"about":[{"href":"https:\/\/unlock-escape.de\/en\/wp-json\/wp\/v2\/types\/page"}],"author":[{"embeddable":true,"href":"https:\/\/unlock-escape.de\/en\/wp-json\/wp\/v2\/users\/1"}],"replies":[{"embeddable":true,"href":"https:\/\/unlock-escape.de\/en\/wp-json\/wp\/v2\/comments?post=1613"}],"version-history":[{"count":42,"href":"https:\/\/unlock-escape.de\/en\/wp-json\/wp\/v2\/pages\/1613\/revisions"}],"predecessor-version":[{"id":3317,"href":"https:\/\/unlock-escape.de\/en\/wp-json\/wp\/v2\/pages\/1613\/revisions\/3317"}],"wp:attachment":[{"href":"https:\/\/unlock-escape.de\/en\/wp-json\/wp\/v2\/media?parent=1613"}],"curies":[{"name":"wp","href":"https:\/\/api.w.org\/{rel}","templated":true}]}}