{"id":1386,"date":"2024-08-15T12:36:47","date_gmt":"2024-08-15T10:36:47","guid":{"rendered":"https:\/\/unlock-escape.de\/?page_id=1386"},"modified":"2025-04-12T15:15:17","modified_gmt":"2025-04-12T13:15:17","slug":"gutscheine","status":"publish","type":"page","link":"https:\/\/unlock-escape.de\/en\/gutscheine\/","title":{"rendered":"Escape Room Gutschein M\u00fcnchen ab 30,- Euro \u2013 Das perfekte Geschenk"},"content":{"rendered":"<div class=\"wpb-content-wrapper\"><div data-vc-full-width=\"true\" data-vc-full-width-temp=\"true\" data-vc-full-width-init=\"false\" class=\"vc_row wpb_row vc_row-fluid scheme_dark\"><div class=\"wpb_column vc_column_container vc_col-sm-12 sc_layouts_column_icons_position_left\"><div class=\"vc_column-inner\"><div class=\"wpb_wrapper\"><div class=\"vc_empty_space  vc_custom_1723582971919 height_small\"   style=\"height: 32px\"><span class=\"vc_empty_space_inner\"><\/span><\/div><\/div><\/div><\/div><\/div><div class=\"vc_row-full-width vc_clearfix\"><\/div><div data-vc-full-width=\"true\" data-vc-full-width-temp=\"true\" data-vc-full-width-init=\"false\" data-vc-stretch-content=\"true\" class=\"vc_row wpb_row vc_row-fluid gift_row vc_custom_1731310112728 vc_row-has-fill vc_row-no-padding vc_row-o-content-middle vc_row-flex scheme_dark\"><div class=\"wpb_column vc_column_container vc_col-sm-5 vc_col-sm-offset-1 vc_col-xs-offset-1 vc_col-xs-10 sc_layouts_column_icons_position_left\"><div class=\"vc_column-inner\"><div class=\"wpb_wrapper\"><div class=\"vc_row wpb_row vc_inner vc_row-fluid\"><div class=\"wpb_column vc_column_container vc_col-sm-9 vc_col-sm-offset-3 sc_layouts_column_icons_position_left\"><div class=\"vc_column-inner\"><div class=\"wpb_wrapper\"><div class=\"vc_empty_space  height_small\"   style=\"height: 32px\"><span class=\"vc_empty_space_inner\"><\/span><\/div><div id=\"sc_content_1977266602\"\n\t\tclass=\"sc_content color_style_default sc_content_default sc_float_center zindex1\"><div class=\"sc_content_container\"><div id=\"sc_title_1641009889\"\n\t\tclass=\"sc_title color_style_default sc_title_default\"><h6 class=\"sc_item_subtitle sc_title_subtitle sc_align_left sc_item_title_style_default\">The perfect gift<\/h6><h3 class=\"sc_item_title sc_title_title sc_align_left sc_item_title_style_default\">Escape Room voucher Munich<\/h3><\/div><!-- \/.sc_title --><\/div><\/div><!-- \/.sc_content --><\/div><\/div><\/div><div class=\"wpb_column vc_column_container vc_col-sm-12 sc_layouts_column_icons_position_left\"><div class=\"vc_column-inner\"><div class=\"wpb_wrapper\"><div class=\"sc_content_wrap sc_push_tiny sc_push_hide_on_mobile\"><div id=\"sc_content_1701933780\"\n\t\tclass=\"sc_content color_style_default sc_content_default sc_float_center zindex0\"><div class=\"sc_content_container\"><div class=\"vc_empty_space  hide_on_desktop hide_on_notebook hide_on_tablet height_medium\"   style=\"height: 32px\"><span class=\"vc_empty_space_inner\"><\/span><\/div>\n\t<div  class=\"wpb_single_image wpb_content_element vc_align_left wpb_content_element\">\n\t\t\n\t\t<figure class=\"wpb_wrapper vc_figure\">\n\t\t\t<a href=\"https:\/\/bookeo.com\/unlock-escape\/buyvoucher\" target=\"_blank\" class=\"vc_single_image-wrapper   vc_box_border_grey\" rel=\"noopener\"><img loading=\"lazy\" decoding=\"async\" width=\"1920\" height=\"1280\" src=\"https:\/\/unlock-escape.de\/wp-content\/uploads\/2024\/10\/pexels-rdne-7564161-geschenkgutschein-bronze-2.jpg\" class=\"vc_single_image-img attachment-full\" alt=\"Escape Room Gutschein M\u00fcnchen\" title=\"Escape Room M\u00fcnchen Gutscheinhenkgutschein-bronze\" srcset=\"https:\/\/unlock-escape.de\/wp-content\/uploads\/2024\/10\/pexels-rdne-7564161-geschenkgutschein-bronze-2.jpg 1920w, https:\/\/unlock-escape.de\/wp-content\/uploads\/2024\/10\/pexels-rdne-7564161-geschenkgutschein-bronze-2-300x200.jpg 300w, https:\/\/unlock-escape.de\/wp-content\/uploads\/2024\/10\/pexels-rdne-7564161-geschenkgutschein-bronze-2-1024x683.jpg 1024w, https:\/\/unlock-escape.de\/wp-content\/uploads\/2024\/10\/pexels-rdne-7564161-geschenkgutschein-bronze-2-768x512.jpg 768w, https:\/\/unlock-escape.de\/wp-content\/uploads\/2024\/10\/pexels-rdne-7564161-geschenkgutschein-bronze-2-1536x1024.jpg 1536w, https:\/\/unlock-escape.de\/wp-content\/uploads\/2024\/10\/pexels-rdne-7564161-geschenkgutschein-bronze-2-18x12.jpg 18w, https:\/\/unlock-escape.de\/wp-content\/uploads\/2024\/10\/pexels-rdne-7564161-geschenkgutschein-bronze-2-370x247.jpg 370w, https:\/\/unlock-escape.de\/wp-content\/uploads\/2024\/10\/pexels-rdne-7564161-geschenkgutschein-bronze-2-760x507.jpg 760w\" sizes=\"auto, (max-width: 1920px) 100vw, 1920px\" \/><\/a>\n\t\t<\/figure>\n\t<\/div>\n<\/div><\/div><!-- \/.sc_content --><\/div><!-- \/.sc_content_wrap --><\/div><\/div><\/div><\/div><div class=\"vc_empty_space  vc_custom_1518439555288 hide_on_mobile height_large\"   style=\"height: 32px\"><span class=\"vc_empty_space_inner\"><\/span><\/div><\/div><\/div><\/div><div class=\"wpb_column vc_column_container vc_col-sm-5 vc_col-sm-offset-0 vc_col-xs-offset-1 vc_col-xs-10 sc_layouts_column_icons_position_left\"><div class=\"vc_column-inner\"><div class=\"wpb_wrapper\"><div class=\"vc_empty_space  hide_on_mobile height_medium\"   style=\"height: 32px\"><span class=\"vc_empty_space_inner\"><\/span><\/div><div id=\"sc_content_1346415244\"\n\t\tclass=\"sc_content color_style_default sc_content_default sc_content_width_1_2 sc_float_left sc_align_left sc_padding_medium\"><div class=\"sc_content_container\">\n\t<div class=\"wpb_text_column wpb_content_element\" >\n\t\t<div class=\"wpb_wrapper\">\n\t\t\t<p>Are you looking for the ideal gift for adventure seekers? With an <a href=\"https:\/\/bookeo.com\/unlock-escape\/buyvoucher\" target=\"_blank\" rel=\"noopener\">Escape Room voucher for Munich<\/a> , you can give the gift of an unforgettable experience! Buy a gift voucher for the desired amount and give your friends or family an exciting challenge at <a href=\"https:\/\/unlock-escape.de\/en\/\" target=\"_new\" rel=\"noopener\">Unlock Escape Munich<\/a>.<\/p>\n\n\t\t<\/div>\n\t<\/div>\n<a href=\"https:\/\/bookeo.com\/go\/42553RNXF6N19135DEAA2B\/buyvoucher\" id=\"sc_button_811195695\" class=\"sc_button color_style_default sc_button_default sc_button_size_small sc_button_icon_left\" target=\"_blank\" rel=\"noopener\"><span class=\"sc_button_text\"><span class=\"sc_button_title\">buy now<\/span><\/span><!-- \/.sc_button_text --><\/a><!-- \/.sc_button --><div class=\"vc_empty_space  vc_custom_1517832776652 height_small\"   style=\"height: 32px\"><span class=\"vc_empty_space_inner\"><\/span><\/div>\n\t<div class=\"wpb_text_column wpb_content_element\" >\n\t\t<div class=\"wpb_wrapper\">\n\t\t\t<h6 class=\"icon-untitled-8\">Any questions?<br \/>\nJust give us a call <a href=\"tel:+49 89 898 398 40\">+49 89 898 398 40<\/a><\/h6>\n\n\t\t<\/div>\n\t<\/div>\n<\/div><\/div><!-- \/.sc_content --><div class=\"vc_empty_space  height_large\"   style=\"height: 32px\"><span class=\"vc_empty_space_inner\"><\/span><\/div><div class=\"vc_empty_space  hide_on_desktop hide_on_notebook hide_on_tablet height_medium\"   style=\"height: 32px\"><span class=\"vc_empty_space_inner\"><\/span><\/div><\/div><\/div><\/div><\/div><div class=\"vc_row-full-width vc_clearfix\"><\/div><div class=\"vc_row wpb_row vc_row-fluid\"><div class=\"wpb_column vc_column_container vc_col-sm-12 sc_layouts_column_icons_position_left\"><div class=\"vc_column-inner\"><div class=\"wpb_wrapper\"><div class=\"vc_empty_space  height_medium\"   style=\"height: 32px\"><span class=\"vc_empty_space_inner\"><\/span><\/div><div id=\"sc_title_120127667\"\n\t\tclass=\"sc_title color_style_default sc_title_default\"><h6 class=\"sc_item_subtitle sc_title_subtitle sc_align_center sc_item_title_style_default\">Ordering Info<\/h6><\/div><!-- \/.sc_title --><div class=\"vc_empty_space  vc_custom_1732436927214 height_small\"   style=\"height: 32px\"><span class=\"vc_empty_space_inner\"><\/span><\/div>\n\t<div class=\"wpb_text_column wpb_content_element\" >\n\t\t<div class=\"wpb_wrapper\">\n\t\t\t<h3>How do I buy an Escape Room voucher Munich?<\/h3>\n<p>You can buy your Munich Escape Room voucher in two simple ways:<\/p>\n\n\t\t<\/div>\n\t<\/div>\n<div class=\"vc_empty_space  vc_custom_1517667926696 height_medium\"   style=\"height: 32px\"><span class=\"vc_empty_space_inner\"><\/span><\/div><div id=\"sc_icons_1447061895\" \n\tclass=\"sc_icons sc_icons_default sc_icons_size_medium sc_align_center\"><div class=\"sc_icons_columns_wrap sc_item_columns trx_addons_columns_wrap columns_padding_bottom\"><div class=\"trx_addons_column-1_3\"><div class=\"sc_icons_item sc_icons_item_linked\"><div id=\"sc_icons_1447061895_icon-006-support\" class=\"sc_icons_icon sc_icon_type_ icon-006-support\"\n\t\t\t\t\t\t\t\t\t\t\t\t><span class=\"sc_icon_type_ icon-006-support\"><\/span><\/div><h4 class=\"sc_icons_item_title\"><span>By telephone<\/span><\/h4><div class=\"sc_icons_item_description\"><span>Just give us a call on +49 89-21028885 and we will be happy to help you.<\/span><\/div><a href=\"tel:+498921028885\" class=\"sc_icons_item_link\"><\/a><\/div><\/div><div class=\"trx_addons_column-1_3\"><div class=\"sc_icons_item sc_icons_item_linked\"><div id=\"sc_icons_1447061895_icon-008-pickup\" class=\"sc_icons_icon sc_icon_type_ icon-008-pickup\"\n\t\t\t\t\t\t\t\t\t\t\t\t><span class=\"sc_icon_type_ icon-008-pickup\"><\/span><\/div><h4 class=\"sc_icons_item_title\"><span>Online <\/span><\/h4><div class=\"sc_icons_item_description\"><span>Order conveniently via our online booking form for vouchers.<\/span><\/div><a href=\"https:\/\/bookeo.com\/unlock-escape\/buyvoucher\" class=\"sc_icons_item_link\" target=\"_blank\" rel=\"noopener\"><\/a><\/div><\/div><div class=\"trx_addons_column-1_3\"><div class=\"sc_icons_item sc_icons_item_linked\"><div id=\"sc_icons_1447061895_icon-007-online\" class=\"sc_icons_icon sc_icon_type_ icon-007-online\"\n\t\t\t\t\t\t\t\t\t\t\t\t><span class=\"sc_icon_type_ icon-007-online\"><\/span><\/div><h4 class=\"sc_icons_item_title\"><span>Redeem voucher<\/span><\/h4><div class=\"sc_icons_item_description\"><span>Have your voucher code ready<\/span><\/div><a href=\"https:\/\/bookeo.com\/unlock-escape\/voucher\" class=\"sc_icons_item_link\" target=\"_blank\" rel=\"noopener\"><\/a><\/div><\/div><\/div><\/div><!-- \/.sc_icons --><div class=\"vc_empty_space  vc_custom_1723719319140 hide_on_mobile height_medium\"   style=\"height: 32px\"><span class=\"vc_empty_space_inner\"><\/span><\/div><div class=\"vc_empty_space  hide_on_desktop hide_on_notebook hide_on_tablet height_small\"   style=\"height: 32px\"><span class=\"vc_empty_space_inner\"><\/span><\/div><\/div><\/div><\/div><\/div><div class=\"vc_row wpb_row vc_row-fluid\"><div class=\"wpb_column vc_column_container vc_col-sm-12 sc_layouts_column_icons_position_left\"><div class=\"vc_column-inner\"><div class=\"wpb_wrapper\"><div id=\"sc_content_544389686\"\n\t\tclass=\"sc_content color_style_default sc_content_default sc_float_center sc_align_center sc_padding_small  vc_custom_1517835884652\"><div class=\"sc_content_container\"><div id=\"sc_title_1501207568\"\n\t\tclass=\"sc_title color_style_default sc_title_default\"><h2 class=\"sc_item_title sc_title_title sc_align_center sc_item_title_style_default sc_item_title_tag\">Surprise your loved ones with an escape game!<\/h2><\/div><!-- \/.sc_title --><div class=\"vc_empty_space  vc_custom_1517836271940 height_small\"   style=\"height: 32px\"><span class=\"vc_empty_space_inner\"><\/span><\/div>\n\t<div class=\"wpb_raw_code wpb_raw_js\" >\n\t\t<div class=\"wpb_wrapper\">\n\t\t\t<script type=\"text\/javascript\" src=\"https:\/\/bookeo.com\/widget.js?a=42553RNXF6N19135DEAA2B&startmode=buyvoucher\"><\/script>\n\t\t<\/div>\n\t<\/div>\n<\/div><\/div><!-- \/.sc_content --><\/div><\/div><\/div><\/div><div class=\"vc_row wpb_row vc_row-fluid\"><div class=\"wpb_column vc_column_container vc_col-sm-12 sc_layouts_column_icons_position_left\"><div class=\"vc_column-inner\"><div class=\"wpb_wrapper\"><div id=\"sc_content_1946010286\"\n\t\tclass=\"sc_content color_style_default sc_content_default sc_float_center\"><div class=\"sc_content_container\"><div class=\"vc_empty_space  vc_custom_1517836271940 height_small\"   style=\"height: 32px\"><span class=\"vc_empty_space_inner\"><\/span><\/div>\n\t<div class=\"wpb_text_column wpb_content_element\" >\n\t\t<div class=\"wpb_wrapper\">\n\t\t\t<h3>Redeem voucher<\/h3>\n<p>Prepare your voucher and use it for your next booking. Your loved ones will love the adventure!<\/p>\n\n\t\t<\/div>\n\t<\/div>\n<div class=\"vc_empty_space  vc_custom_1517836271940 height_small\"   style=\"height: 32px\"><span class=\"vc_empty_space_inner\"><\/span><\/div><a href=\"https:\/\/bookeo.com\/unlock-escape\/voucher\" id=\"sc_button_1178536272\" class=\"sc_button color_style_default sc_button_default sc_button_size_small sc_button_icon_left\" target=\"_blank\" rel=\"noopener\"><span class=\"sc_button_text\"><span class=\"sc_button_title\">redeem voucher<\/span><\/span><!-- \/.sc_button_text --><\/a><!-- \/.sc_button --><div class=\"vc_empty_space  vc_custom_1517836271940 height_small\"   style=\"height: 32px\"><span class=\"vc_empty_space_inner\"><\/span><\/div><\/div><\/div><!-- \/.sc_content --><\/div><\/div><\/div><\/div>\n<\/div>","protected":false},"excerpt":{"rendered":"Das perfekte GeschenkEscape Room Gutschein M\u00fcnchen Suchst du nach dem idealen Geschenk f\u00fcr Abenteuerlustige? Mit einem Escape Room Gutschein f\u00fcr M\u00fcnchen verschenkst du ein unvergessliches Erlebnis! Kaufe einen Geschenkgutschein im&hellip;","protected":false},"author":2,"featured_media":0,"parent":0,"menu_order":0,"comment_status":"closed","ping_status":"closed","template":"","meta":{"inline_featured_image":false,"footnotes":""},"class_list":["post-1386","page","type-page","status-publish","hentry"],"_links":{"self":[{"href":"https:\/\/unlock-escape.de\/en\/wp-json\/wp\/v2\/pages\/1386","targetHints":{"allow":["GET"]}}],"collection":[{"href":"https:\/\/unlock-escape.de\/en\/wp-json\/wp\/v2\/pages"}],"about":[{"href":"https:\/\/unlock-escape.de\/en\/wp-json\/wp\/v2\/types\/page"}],"author":[{"embeddable":true,"href":"https:\/\/unlock-escape.de\/en\/wp-json\/wp\/v2\/users\/2"}],"replies":[{"embeddable":true,"href":"https:\/\/unlock-escape.de\/en\/wp-json\/wp\/v2\/comments?post=1386"}],"version-history":[{"count":29,"href":"https:\/\/unlock-escape.de\/en\/wp-json\/wp\/v2\/pages\/1386\/revisions"}],"predecessor-version":[{"id":2408,"href":"https:\/\/unlock-escape.de\/en\/wp-json\/wp\/v2\/pages\/1386\/revisions\/2408"}],"wp:attachment":[{"href":"https:\/\/unlock-escape.de\/en\/wp-json\/wp\/v2\/media?parent=1386"}],"curies":[{"name":"wp","href":"https:\/\/api.w.org\/{rel}","templated":true}]}}