{"id":1179,"date":"2024-08-03T14:13:53","date_gmt":"2024-08-03T12:13:53","guid":{"rendered":"https:\/\/unlock-escape.de\/?page_id=1179"},"modified":"2025-07-04T10:56:14","modified_gmt":"2025-07-04T08:56:14","slug":"kontakt","status":"publish","type":"page","link":"https:\/\/unlock-escape.de\/en\/kontakt\/","title":{"rendered":"Kontakt Unlock Escape \u2013 2 Standorte in M\u00fcnchen f\u00fcr Dein Abenteuer!"},"content":{"rendered":"<div class=\"wpb-content-wrapper\"><div class=\"vc_row wpb_row vc_row-fluid\"><div class=\"wpb_column vc_column_container vc_col-sm-12 sc_layouts_column_icons_position_left\"><div class=\"vc_column-inner\"><div class=\"wpb_wrapper\"><div class=\"vc_empty_space  height_small\"   style=\"height: 32px\"><span class=\"vc_empty_space_inner\"><\/span><\/div><div id=\"sc_title_1515874911\"\n\t\tclass=\"sc_title color_style_default sc_title_default\"><h6 class=\"sc_item_subtitle sc_title_subtitle sc_align_left sc_item_title_style_default\">How to reach us<\/h6><h3 class=\"sc_item_title sc_title_title sc_align_left sc_item_title_style_default\">Contact Unlock Escape<\/h3><\/div><!-- \/.sc_title --><div id=\"sc_content_1925949873\"\n\t\tclass=\"sc_content color_style_default sc_content_default sc_float_center\"><div class=\"sc_content_container\">\n\t<div class=\"wpb_text_column wpb_content_element\" >\n\t\t<div class=\"wpb_wrapper\">\n\t\t\t<p>Would you like to get in touch with us? Do you have questions about our escape rooms or would you like to book directly? We are here for you! Send us a message or give us a call - our team will be happy to help you plan your next adventure.<\/p>\n\n\t\t<\/div>\n\t<\/div>\n<\/div><\/div><!-- \/.sc_content --><\/div><\/div><\/div><\/div><div class=\"vc_row wpb_row vc_row-fluid\"><div class=\"wpb_column vc_column_container vc_col-sm-12 sc_layouts_column_icons_position_left\"><div class=\"vc_column-inner\"><div class=\"wpb_wrapper\"><div class=\"vc_empty_space  height_small\"   style=\"height: 32px\"><span class=\"vc_empty_space_inner\"><\/span><\/div><div id=\"widget_contacts_1503907771\" class=\"widget_area sc_widget_contacts vc_widget_contacts wpb_content_element\"><aside id=\"widget_contacts_1503907771_widget\" class=\"widget widget_contacts\"><div class=\"contacts_wrap\"><div class=\"contacts_info\"><a href=\"tel:Telefon:+498989839840oder+4915751165903\" class=\"contacts_phone\">Telefon: +49 89 898 398 40 oder +49 1575 1165903<\/a><span class=\"contacts_email\"><a href=\"mailto:E&#45;Mai&#108;&#58; &#105;n&#102;o&#64;u&#110;lo&#99;k-&#101;&#115;c&#97;p&#101;.&#100;&#101;\">E&#45;Mail: &#105;&#110;&#102;&#111;&#64;&#117;&#110;&#108;&#111;c&#107;-es&#99;&#97;pe&#46;de<\/a><\/span><\/div><\/div><!-- \/.contacts_wrap --><\/aside><\/div><div class=\"vc_empty_space  height_small\"   style=\"height: 32px\"><span class=\"vc_empty_space_inner\"><\/span><\/div><div id=\"widget_socials_1960534166\" class=\"widget_area sc_widget_socials vc_widget_socials wpb_content_element\"><aside id=\"widget_socials_1960534166_widget\" class=\"widget widget_socials\"><div class=\"socials_wrap sc_align_left\"><a target=\"_blank\" href=\"https:\/\/www.instagram.com\/unlock_escape\/\" class=\"social_item social_item_style_icons social_item_type_icons\" rel=\"noopener\"><span class=\"social_icon social_icon_015-inst\"><span class=\"icon-015-inst\"><\/span><\/span><\/a><a target=\"_blank\" href=\"https:\/\/www.tiktok.com\/@unlock_escape?is_from_webapp=1&#038;sender_device=pc\" class=\"social_item social_item_style_icons social_item_type_icons\" rel=\"noopener\"><span class=\"social_icon social_icon_tik-tok\"><span class=\"icon-tik-tok\"><\/span><\/span><\/a><a target=\"_blank\" href=\"https:\/\/www.facebook.com\/unlock2escape\" class=\"social_item social_item_style_icons social_item_type_icons\" rel=\"noopener\"><span class=\"social_icon social_icon_012_fb\"><span class=\"icon-012_fb\"><\/span><\/span><\/a><a target=\"_blank\" href=\"https:\/\/www.youtube.com\/@UnlockEscape\/videos\" class=\"social_item social_item_style_icons social_item_type_icons\" rel=\"noopener\"><span class=\"social_icon social_icon_untitled-17\"><span class=\"icon-untitled-17\"><\/span><\/span><\/a><\/div><\/aside><\/div><div class=\"vc_empty_space  height_small\"   style=\"height: 32px\"><span class=\"vc_empty_space_inner\"><\/span><\/div><\/div><\/div><\/div><\/div><div class=\"vc_row wpb_row vc_row-fluid\"><div class=\"wpb_column vc_column_container vc_col-sm-12 sc_layouts_column_icons_position_left\"><div class=\"vc_column-inner\"><div class=\"wpb_wrapper\"><a href=\"\/en\/ueber-uns-seite\/\" id=\"sc_button_787911770\" class=\"sc_button color_style_link3 sc_button_default sc_button_size_normal sc_button_icon_left\"><span class=\"sc_button_text\"><span class=\"sc_button_title\">About us<\/span><\/span><!-- \/.sc_button_text --><\/a><!-- \/.sc_button --><div class=\"vc_empty_space  height_small\"   style=\"height: 32px\"><span class=\"vc_empty_space_inner\"><\/span><\/div><div id=\"sc_title_2004427124\"\n\t\tclass=\"sc_title color_style_default sc_title_default\"><h3 class=\"sc_item_title sc_title_title sc_align_left sc_item_title_style_default\">Contact &amp; Locations<\/h3><\/div><!-- \/.sc_title --><\/div><\/div><\/div><div class=\"wpb_column vc_column_container vc_col-sm-12 sc_layouts_column_icons_position_left\"><div class=\"vc_column-inner\"><div class=\"wpb_wrapper\"><\/div><\/div><\/div><\/div><div class=\"vc_row wpb_row vc_row-fluid vc_custom_1730273298088 vc_row-has-fill\"><div class=\"wpb_column vc_column_container vc_col-sm-12 sc_layouts_column_icons_position_left\"><div class=\"vc_column-inner\"><div class=\"wpb_wrapper\"><div class=\"vc_empty_space  height_small\"   style=\"height: 32px\"><span class=\"vc_empty_space_inner\"><\/span><\/div><div id=\"sc_title_1846344685\"\n\t\tclass=\"sc_title color_style_default sc_title_default\"><h6 class=\"sc_item_subtitle sc_title_subtitle sc_align_left sc_item_title_style_default\">Location<\/h6><h3 class=\"sc_item_title sc_title_title sc_align_left sc_item_title_style_default\">Tal at Isartor<\/h3><\/div><!-- \/.sc_title --><div class=\"vc_empty_space  height_small\"   style=\"height: 32px\"><span class=\"vc_empty_space_inner\"><\/span><\/div><div id=\"widget_contacts_1607021106\" class=\"widget_area sc_widget_contacts vc_widget_contacts wpb_content_element\"><aside id=\"widget_contacts_1607021106_widget\" class=\"widget widget_contacts\"><div class=\"contacts_wrap\"><div class=\"contacts_info\"><span class=\"contacts_address\">Address: Westenriederstrasse 41, 80331 Munich <br> also by passage on parallel street Tal 32<\/span><\/div><\/div><!-- \/.contacts_wrap --><\/aside><\/div><div class=\"vc_empty_space  height_small\"   style=\"height: 32px\"><span class=\"vc_empty_space_inner\"><\/span><\/div><div id=\"sc_googlemap_1757706673_wrap\" class=\"sc_googlemap_wrap\"><div id=\"sc_googlemap_1757706673\"\n\t\t\tclass=\"sc_googlemap sc_googlemap_default\"\n\t\t\t style=\"width:100%;height:150px;\"\t\t\tdata-zoom=\"14\"\n\t\t\tdata-style=\"dark\"\n\t\t\tdata-cluster-icon=\"\"\n\n\t\t\t><iframe\n\t\t\t\t\tsrc=\"https:\/\/maps.google.com\/maps?t=m&output=embed&iwloc=near&z=14&q=Westenriederstra%C3%9Fe+41%2C+80331+M%C3%BCnchen\"\n\t\t\t\t\tscrolling=\"no\"\n\t\t\t\t\tmarginheight=\"0\"\n\t\t\t\t\tmarginwidth=\"0\"\n\t\t\t\t\tframeborder=\"0\"\n\t\t\t\t\taria-label=\"\"><\/iframe><\/div><\/div><!-- \/.sc_googlemap_wrap --><div class=\"vc_empty_space  height_tiny\"   style=\"height: 32px\"><span class=\"vc_empty_space_inner\"><\/span><\/div><\/div><\/div><\/div><\/div><div class=\"vc_row wpb_row vc_row-fluid\"><div class=\"wpb_column vc_column_container vc_col-sm-12 sc_layouts_column_icons_position_left\"><div class=\"vc_column-inner\"><div class=\"wpb_wrapper\"><div class=\"vc_empty_space  height_tiny\"   style=\"height: 32px\"><span class=\"vc_empty_space_inner\"><\/span><\/div>\n\t<div class=\"wpb_text_column wpb_content_element\" id=\"WegTal\">\n\t\t<div class=\"wpb_wrapper\">\n\t\t\t<p data-start=\"694\" data-end=\"815\">Our Escape Rooms in the valley are located in a passage - so finding us is a bit of a challenge!<\/p>\n<p data-start=\"817\" data-end=\"834\">\ud83d\udd39 <strong data-start=\"820\" data-end=\"832\">Entrance:<\/strong><\/p>\n<ul data-start=\"835\" data-end=\"1006\">\n<li data-start=\"835\" data-end=\"921\">From Westenriederstrasse: The passageway is to the left of the traditional costume shop.<\/li>\n<li data-start=\"922\" data-end=\"1006\">From the valley: The passageway is to the right of the Sam Falafel store.<\/li>\n<\/ul>\n<p data-start=\"1008\" data-end=\"1044\">\ud83d\ude87 <strong data-start=\"1011\" data-end=\"1042\">Public transportation:<\/strong><\/p>\n<ul data-start=\"1045\" data-end=\"1250\">\n<li data-start=\"1045\" data-end=\"1146\">S-Bahn to Isartor: Exit \u2018Isartor\u2019, then escalator \u2018Viktualienmarkt\u2019 on the mezzanine floor.<\/li>\n<li data-start=\"1147\" data-end=\"1250\">S-Bahn or U3\/U6 to Marienplatz: Continue on foot in the direction of \u2018Tal\u2019, then into Passage Tal 32.<\/li>\n<\/ul>\n<p data-start=\"1252\" data-end=\"1268\">\ud83d\ude97 <strong data-start=\"1255\" data-end=\"1266\">Parking:<\/strong><\/p>\n<ul data-start=\"1269\" data-end=\"1434\">\n<li data-start=\"1269\" data-end=\"1317\">There are no car parks directly on site.<\/li>\n<li data-start=\"1318\" data-end=\"1434\">Parking: Parkgarage Rieger City, Frauenstra\u00dfe 38, please allow extra time to find a parking space!<\/li>\n<\/ul>\n<p><a href=\"https:\/\/unlock-escape.de\/en\/buchen\/\">Book your rooms now<\/a><\/p>\n\n\t\t<\/div>\n\t<\/div>\n<div class=\"vc_empty_space  height_small\"   style=\"height: 32px\"><span class=\"vc_empty_space_inner\"><\/span><\/div><\/div><\/div><\/div><\/div><div class=\"vc_row wpb_row vc_row-fluid vc_custom_1730273416535 vc_row-has-fill\"><div class=\"wpb_column vc_column_container vc_col-sm-12 sc_layouts_column_icons_position_left\"><div class=\"vc_column-inner\"><div class=\"wpb_wrapper\"><div class=\"vc_empty_space  height_small\"   style=\"height: 32px\"><span class=\"vc_empty_space_inner\"><\/span><\/div><div id=\"sc_title_1580052633\"\n\t\tclass=\"sc_title color_style_default sc_title_default\"><h6 class=\"sc_item_subtitle sc_title_subtitle sc_align_left sc_item_title_style_default\">Location<\/h6><h3 class=\"sc_item_title sc_title_title sc_align_left sc_item_title_style_default\">Bogenhausen<\/h3><\/div><!-- \/.sc_title --><div class=\"vc_empty_space  height_small\"   style=\"height: 32px\"><span class=\"vc_empty_space_inner\"><\/span><\/div><div id=\"widget_contacts_546663408\" class=\"widget_area sc_widget_contacts vc_widget_contacts wpb_content_element\"><aside id=\"widget_contacts_546663408_widget\" class=\"widget widget_contacts\"><div class=\"contacts_wrap\"><div class=\"contacts_info\"><span class=\"contacts_address\">Address: Cosimastrasse 131 81925 Munich<\/span><\/div><\/div><!-- \/.contacts_wrap --><\/aside><\/div><div class=\"vc_empty_space  height_small\"   style=\"height: 32px\"><span class=\"vc_empty_space_inner\"><\/span><\/div><div id=\"sc_googlemap_1749126446_wrap\" class=\"sc_googlemap_wrap\"><div id=\"sc_googlemap_1749126446\"\n\t\t\tclass=\"sc_googlemap sc_googlemap_default\"\n\t\t\t style=\"width:100%;height:150px;\"\t\t\tdata-zoom=\"14\"\n\t\t\tdata-style=\"dark\"\n\t\t\tdata-cluster-icon=\"\"\n\n\t\t\t><iframe\n\t\t\t\t\tsrc=\"https:\/\/maps.google.com\/maps?t=m&output=embed&iwloc=near&z=14&q=Cosimarstra%C3%9Fe+131+81925+M%C3%BCnchen\"\n\t\t\t\t\tscrolling=\"no\"\n\t\t\t\t\tmarginheight=\"0\"\n\t\t\t\t\tmarginwidth=\"0\"\n\t\t\t\t\tframeborder=\"0\"\n\t\t\t\t\taria-label=\"\"><\/iframe><\/div><\/div><!-- \/.sc_googlemap_wrap --><div class=\"vc_empty_space  height_small\"   style=\"height: 32px\"><span class=\"vc_empty_space_inner\"><\/span><\/div><\/div><\/div><\/div><\/div><div class=\"vc_row wpb_row vc_row-fluid\"><div class=\"wpb_column vc_column_container vc_col-sm-12 sc_layouts_column_icons_position_left\"><div class=\"vc_column-inner\"><div class=\"wpb_wrapper\"><div class=\"vc_empty_space  height_tiny\"   style=\"height: 32px\"><span class=\"vc_empty_space_inner\"><\/span><\/div>\n\t<div class=\"wpb_text_column wpb_content_element\" id=\"WegBogenhausen\">\n\t\t<div class=\"wpb_wrapper\">\n\t\t\t<p data-start=\"1472\" data-end=\"1523\">\ud83d\udccd <strong data-start=\"1475\" data-end=\"1487\">Address:<\/strong><br data-start=\"1487\" data-end=\"1490\" \/>Cosimastrasse 131 81925 Munich<\/p>\n<p data-start=\"1525\" data-end=\"1561\">\ud83d\ude87 <strong data-start=\"1528\" data-end=\"1559\">Public transportation:<\/strong><\/p>\n<ul data-start=\"1562\" data-end=\"1761\">\n<li data-start=\"1562\" data-end=\"1676\">Tram 17 direction St. Emmeram to stop Prinz-Eugen-Park, then 3 minutes walk to Cosimastra\u00dfe 131.<\/li>\n<li data-start=\"1677\" data-end=\"1761\">U4 bis Arabellapark, dann umsteigen in die Tram 17 Richtung St. Emmeram.<\/li>\n<\/ul>\n<p data-start=\"1763\" data-end=\"1779\">\ud83d\ude97 <strong data-start=\"1766\" data-end=\"1777\">Parking:<\/strong><\/p>\n<ul>\n<li data-start=\"1780\" data-end=\"1865\">Free parking is available in Bogenhausen directly in front of the building.<\/li>\n<\/ul>\n<p><a href=\"https:\/\/unlock-escape.de\/en\/buchen\/\">Book your rooms now<\/a><\/p>\n<p>&nbsp;<\/p>\n\n\t\t<\/div>\n\t<\/div>\n<div class=\"vc_empty_space  height_small\"   style=\"height: 32px\"><span class=\"vc_empty_space_inner\"><\/span><\/div><\/div><\/div><\/div><\/div><div class=\"vc_row wpb_row vc_row-fluid\"><div class=\"wpb_column vc_column_container vc_col-sm-12 sc_layouts_column_icons_position_left\"><div class=\"vc_column-inner\"><div class=\"wpb_wrapper\"><div class=\"vc_empty_space  height_tiny\"   style=\"height: 32px\"><span class=\"vc_empty_space_inner\"><\/span><\/div><div id=\"sc_title_2063392047\"\n\t\tclass=\"sc_title color_style_default sc_title_default\"><h6 class=\"sc_item_subtitle sc_title_subtitle sc_align_left sc_item_title_style_default\">Our tip for travelling here<\/h6><\/div><!-- \/.sc_title --><div class=\"vc_empty_space  height_small\"   style=\"height: 32px\"><span class=\"vc_empty_space_inner\"><\/span><\/div>\n\t<div class=\"wpb_text_column wpb_content_element\" >\n\t\t<div class=\"wpb_wrapper\">\n\t\t\t<p data-start=\"1904\" data-end=\"1986\">We recommend travelling by public transport or bicycle!<\/p>\n<ul data-start=\"1988\" data-end=\"2248\">\n<li data-start=\"1988\" data-end=\"2070\"><strong data-start=\"1990\" data-end=\"2002\">To Tal:<\/strong> Easily accessible by bike via the Altstadt-Radlring.<\/li>\n<li data-start=\"2071\" data-end=\"2139\"><strong data-start=\"2073\" data-end=\"2094\">To Bogenhausen:<\/strong> A beautiful cycle path leads along the Isar.<\/li>\n<li data-start=\"2140\" data-end=\"2248\"><strong data-start=\"2142\" data-end=\"2157\">Navigation:<\/strong> Uses apps like <a href=\"https:\/\/www.munichways.de\/app\/\" target=\"_blank\" rel=\"noopener\">MunichWays <\/a>or <a href=\"https:\/\/www.radlnavi.de\/\" target=\"_blank\" rel=\"noopener\">radlnavi.de<\/a>to find the best cycle route.<\/li>\n<\/ul>\n\n\t\t<\/div>\n\t<\/div>\n<div class=\"vc_empty_space  height_small\"   style=\"height: 32px\"><span class=\"vc_empty_space_inner\"><\/span><\/div>\n\t<div class=\"wpb_text_column wpb_content_element\" >\n\t\t<div class=\"wpb_wrapper\">\n\t\t\t<p><strong data-start=\"2253\" data-end=\"2286\">Top rating on Google Maps<\/strong><br data-start=\"2286\" data-end=\"2289\" \/>Top-Our Escape Rooms have top ratings on Google! \u2b50 See for yourself:<br data-start=\"2391\" data-end=\"2394\" \/>\ud83d\udc49 <a href=\"https:\/\/maps.app.goo.gl\/FwBUxsTLNvqsb32x5\" target=\"_blank\" rel=\"noopener\" data-start=\"2397\" data-end=\"2467\">Google Maps Unlock Escape<\/a><\/p>\n\n\t\t<\/div>\n\t<\/div>\n<div class=\"vc_empty_space  height_small\"   style=\"height: 32px\"><span class=\"vc_empty_space_inner\"><\/span><\/div><\/div><\/div><\/div><\/div><div class=\"vc_row wpb_row vc_row-fluid\"><div class=\"wpb_column vc_column_container vc_col-sm-12 sc_layouts_column_icons_position_left\"><div class=\"vc_column-inner\"><div class=\"wpb_wrapper\"><div class=\"vc_empty_space  height_tiny\"   style=\"height: 32px\"><span class=\"vc_empty_space_inner\"><\/span><\/div><div id=\"sc_title_1717430342\"\n\t\tclass=\"sc_title color_style_default sc_title_default\"><h6 class=\"sc_item_subtitle sc_title_subtitle sc_align_left sc_item_title_style_default\">Any questions?<\/h6><h3 class=\"sc_item_title sc_title_title sc_align_left sc_item_title_style_default\">Get in touch with us!<\/h3><\/div><!-- \/.sc_title --><div class=\"vc_empty_space  height_small\"   style=\"height: 32px\"><span class=\"vc_empty_space_inner\"><\/span><\/div>\n\t<div class=\"wpb_text_column wpb_content_element\" >\n\t\t<div class=\"wpb_wrapper\">\n\t\t\t<p data-start=\"2526\" data-end=\"2733\">If you need more information or would like to make a booking, you can reach us at any time by phone or e-mail. We look forward to welcoming you to one of our escape rooms soon!<\/p>\n<p data-start=\"2526\" data-end=\"2733\">More information about our <a href=\"https:\/\/unlock-escape.de\/en\/unsere-raeume\/\">Escape Games<\/a> or in the <a href=\"https:\/\/unlock-escape.de\/en\/faq\/\">Frequently Asked Questions (FAQ)<\/a>.<\/p>\n\n\t\t<\/div>\n\t<\/div>\n<div class=\"vc_empty_space  height_small\"   style=\"height: 32px\"><span class=\"vc_empty_space_inner\"><\/span><\/div><\/div><\/div><\/div><\/div>\n<\/div>","protected":false},"excerpt":{"rendered":"So erreicht ihr unsKontakt Unlock Escape Ihr m\u00f6chtet mit uns in Kontakt treten? Habt Fragen zu unseren Escape Rooms oder m\u00f6chtet direkt buchen? Wir sind f\u00fcr euch da! Schreibt uns&hellip;","protected":false},"author":2,"featured_media":0,"parent":0,"menu_order":0,"comment_status":"closed","ping_status":"closed","template":"","meta":{"inline_featured_image":false,"footnotes":""},"class_list":["post-1179","page","type-page","status-publish","hentry"],"_links":{"self":[{"href":"https:\/\/unlock-escape.de\/en\/wp-json\/wp\/v2\/pages\/1179","targetHints":{"allow":["GET"]}}],"collection":[{"href":"https:\/\/unlock-escape.de\/en\/wp-json\/wp\/v2\/pages"}],"about":[{"href":"https:\/\/unlock-escape.de\/en\/wp-json\/wp\/v2\/types\/page"}],"author":[{"embeddable":true,"href":"https:\/\/unlock-escape.de\/en\/wp-json\/wp\/v2\/users\/2"}],"replies":[{"embeddable":true,"href":"https:\/\/unlock-escape.de\/en\/wp-json\/wp\/v2\/comments?post=1179"}],"version-history":[{"count":50,"href":"https:\/\/unlock-escape.de\/en\/wp-json\/wp\/v2\/pages\/1179\/revisions"}],"predecessor-version":[{"id":2479,"href":"https:\/\/unlock-escape.de\/en\/wp-json\/wp\/v2\/pages\/1179\/revisions\/2479"}],"wp:attachment":[{"href":"https:\/\/unlock-escape.de\/en\/wp-json\/wp\/v2\/media?parent=1179"}],"curies":[{"name":"wp","href":"https:\/\/api.w.org\/{rel}","templated":true}]}}